{"id":3421,"date":"2020-06-21T16:14:52","date_gmt":"2020-06-21T21:14:52","guid":{"rendered":"http:\/\/bellasartes.edu.co\/festivalruquitavelasco\/inicio\/?page_id=3421"},"modified":"2026-02-16T18:24:39","modified_gmt":"2026-02-16T23:24:39","slug":"match","status":"publish","type":"page","link":"https:\/\/bellasartes.edu.co\/festivalruquitavelasco\/match\/","title":{"rendered":"Historia del festival actualizado"},"content":{"rendered":"\t\t<div data-elementor-type=\"wp-page\" data-elementor-id=\"3421\" class=\"elementor elementor-3421\">\n\t\t\t\t\t\t<div class=\"elementor-inner\">\n\t\t\t\t<div class=\"elementor-section-wrap\">\n\t\t\t\t\t\t\t\t\t<section class=\"elementor-section elementor-top-section elementor-element elementor-element-fc18bfe elementor-section-boxed elementor-section-height-default elementor-section-height-default\" data-id=\"fc18bfe\" data-element_type=\"section\">\n\t\t\t\t\t\t<div class=\"elementor-container elementor-column-gap-default\">\n\t\t\t\t\t\t\t<div class=\"elementor-row\">\n\t\t\t\t\t<div class=\"elementor-column elementor-col-50 elementor-top-column elementor-element elementor-element-0a93d17\" data-id=\"0a93d17\" data-element_type=\"column\">\n\t\t\t<div class=\"elementor-column-wrap elementor-element-populated\">\n\t\t\t\t\t\t\t<div class=\"elementor-widget-wrap\">\n\t\t\t\t\t\t<div class=\"elementor-element elementor-element-6299784 elementor-widget elementor-widget-heading\" data-id=\"6299784\" data-element_type=\"widget\" data-widget_type=\"heading.default\">\n\t\t\t\t<div class=\"elementor-widget-container\">\n\t\t\t<h2 class=\"elementor-heading-title elementor-size-default\">El festival<\/h2>\t\t<\/div>\n\t\t\t\t<\/div>\n\t\t\t\t<div class=\"elementor-element elementor-element-945fa1e elementor-widget elementor-widget-text-editor\" data-id=\"945fa1e\" data-element_type=\"widget\" data-widget_type=\"text-editor.default\">\n\t\t\t\t<div class=\"elementor-widget-container\">\n\t\t\t\t\t\t\t\t<div class=\"elementor-text-editor elementor-clearfix\">\n\t\t\t\t<p>El Festival de Teatro de T\u00edteres Ruquita Velasco Bellas Artes nace en 1988 como un evento bianual con el nombre de FESTIVAL VALLECAUCANO DE T\u00cdTERES bajo la iniciativa de la directora del grupo Ana Ruth Velasco mas conocida como \u201cRuquita\u201d qui\u00e9n ten\u00eda el sue\u00f1o de llevar el arte de los t\u00edteres a los rincones m\u00e1s apartados del departamento y es el Grupo Profesional de T\u00edteres TITIRINDEBA de Bellas Artes quien lo lidera, un a\u00f1o se realiza el componente pedag\u00f3gico y al siguiente el componente art\u00edstico, con el prop\u00f3sito de fomentar los procesos de circulaci\u00f3n de espect\u00e1culos para la formaci\u00f3n de p\u00fablicos y la cualificaci\u00f3n del sector titiritero en el departamento.<\/p><p>El Festival se constituye en este momento como el evento de t\u00edteres m\u00e1s antiguo y grande de Colombia en cuanto a n\u00famero de actividades que realiza, cobertura geogr\u00e1fica y poblaci\u00f3n infantil, juvenil y adulta beneficiada. Representa sin lugar a duda, la mayor apuesta solidaria entre el sector p\u00fablico en cabeza del Ministerio de Cultura, Gobernaci\u00f3n y alcald\u00edas municipales del Departamento del Valle del Cauca y el privado, con un gran esfuerzo log\u00edstico para llevar espect\u00e1culos a Teatros, auditorios, salas, plazas, parques, coliseos, hospitales, c\u00e1rceles e Instituciones educativas, ubicados en barrios y peque\u00f1as poblaciones apartadas, en altas monta\u00f1as, la costa o la planicie del departamento del Valle del Cauca.\u00a0<\/p>\t\t\t\t\t<\/div>\n\t\t\t\t\t\t<\/div>\n\t\t\t\t<\/div>\n\t\t\t\t\t\t<\/div>\n\t\t\t\t\t<\/div>\n\t\t<\/div>\n\t\t\t\t<div class=\"elementor-column elementor-col-50 elementor-top-column elementor-element elementor-element-b911543\" data-id=\"b911543\" data-element_type=\"column\">\n\t\t\t<div class=\"elementor-column-wrap elementor-element-populated\">\n\t\t\t\t\t\t\t<div class=\"elementor-widget-wrap\">\n\t\t\t\t\t\t<div class=\"elementor-element elementor-element-8577ced elementor-widget elementor-widget-image\" data-id=\"8577ced\" data-element_type=\"widget\" data-widget_type=\"image.default\">\n\t\t\t\t<div class=\"elementor-widget-container\">\n\t\t\t\t\t\t\t\t<div class=\"elementor-image\">\n\t\t\t\t\t\t\t\t\t\t\t\t<img width=\"940\" height=\"1024\" src=\"https:\/\/bellasartes.edu.co\/festivalruquitavelasco\/wp-content\/uploads\/2022\/10\/EL-FESTIVAL-1-940x1024.jpg\" class=\"attachment-large size-large\" alt=\"\" loading=\"lazy\" srcset=\"https:\/\/bellasartes.edu.co\/festivalruquitavelasco\/wp-content\/uploads\/2022\/10\/EL-FESTIVAL-1-940x1024.jpg 940w, https:\/\/bellasartes.edu.co\/festivalruquitavelasco\/wp-content\/uploads\/2022\/10\/EL-FESTIVAL-1-275x300.jpg 275w, https:\/\/bellasartes.edu.co\/festivalruquitavelasco\/wp-content\/uploads\/2022\/10\/EL-FESTIVAL-1-768x836.jpg 768w, https:\/\/bellasartes.edu.co\/festivalruquitavelasco\/wp-content\/uploads\/2022\/10\/EL-FESTIVAL-1-1410x1536.jpg 1410w, https:\/\/bellasartes.edu.co\/festivalruquitavelasco\/wp-content\/uploads\/2022\/10\/EL-FESTIVAL-1-1880x2048.jpg 1880w, https:\/\/bellasartes.edu.co\/festivalruquitavelasco\/wp-content\/uploads\/2022\/10\/EL-FESTIVAL-1.jpg 1998w\" sizes=\"(max-width: 940px) 100vw, 940px\" \/>\t\t\t\t\t\t\t\t\t\t\t\t\t\t<\/div>\n\t\t\t\t\t\t<\/div>\n\t\t\t\t<\/div>\n\t\t\t\t\t\t<\/div>\n\t\t\t\t\t<\/div>\n\t\t<\/div>\n\t\t\t\t\t\t\t\t<\/div>\n\t\t\t\t\t<\/div>\n\t\t<\/section>\n\t\t\t\t<section class=\"elementor-section elementor-top-section elementor-element elementor-element-b3696e9 elementor-section-boxed elementor-section-height-default elementor-section-height-default\" data-id=\"b3696e9\" data-element_type=\"section\">\n\t\t\t\t\t\t<div class=\"elementor-container elementor-column-gap-default\">\n\t\t\t\t\t\t\t<div class=\"elementor-row\">\n\t\t\t\t\t<div class=\"elementor-column elementor-col-100 elementor-top-column elementor-element elementor-element-3956ca1\" data-id=\"3956ca1\" data-element_type=\"column\">\n\t\t\t<div class=\"elementor-column-wrap elementor-element-populated\">\n\t\t\t\t\t\t\t<div class=\"elementor-widget-wrap\">\n\t\t\t\t\t\t<div class=\"elementor-element elementor-element-231166d elementor-widget elementor-widget-text-editor\" data-id=\"231166d\" data-element_type=\"widget\" data-widget_type=\"text-editor.default\">\n\t\t\t\t<div class=\"elementor-widget-container\">\n\t\t\t\t\t\t\t\t<div class=\"elementor-text-editor elementor-clearfix\">\n\t\t\t\t<p>Durante los 38 a\u00f1os de su realizaci\u00f3n identificado con un lema diferente, muchas manos se han unido a las manos de Bellas Artes para consolidar a Titirindeba como organizador y al Festival como uno de los eventos que ha dejado en alto el nombre de Santiago de Cali, del departamento y del pa\u00eds, consolid\u00e1ndose como parte esencial del patrimonio cultural inmaterial de todos los vallecaucanos y beneficiando a miles de ni\u00f1os, ni\u00f1as y j\u00f3venes, fortaleciendo la identidad y el tejido social, educando para la convivencia en las diferencias y la paz.<\/p>\t\t\t\t\t<\/div>\n\t\t\t\t\t\t<\/div>\n\t\t\t\t<\/div>\n\t\t\t\t\t\t<\/div>\n\t\t\t\t\t<\/div>\n\t\t<\/div>\n\t\t\t\t\t\t\t\t<\/div>\n\t\t\t\t\t<\/div>\n\t\t<\/section>\n\t\t\t\t<section class=\"elementor-section elementor-top-section elementor-element elementor-element-c647548 elementor-hidden-desktop elementor-hidden-tablet elementor-hidden-mobile elementor-section-boxed elementor-section-height-default elementor-section-height-default\" data-id=\"c647548\" data-element_type=\"section\">\n\t\t\t\t\t\t<div class=\"elementor-container elementor-column-gap-default\">\n\t\t\t\t\t\t\t<div class=\"elementor-row\">\n\t\t\t\t\t<div class=\"elementor-column elementor-col-33 elementor-top-column elementor-element elementor-element-668b20b\" data-id=\"668b20b\" data-element_type=\"column\">\n\t\t\t<div class=\"elementor-column-wrap elementor-element-populated\">\n\t\t\t\t\t\t\t<div class=\"elementor-widget-wrap\">\n\t\t\t\t\t\t<div class=\"elementor-element elementor-element-7f54bae elementor-widget elementor-widget-heading\" data-id=\"7f54bae\" data-element_type=\"widget\" data-widget_type=\"heading.default\">\n\t\t\t\t<div class=\"elementor-widget-container\">\n\t\t\t<h2 class=\"elementor-heading-title elementor-size-default\">Versiones del festival<\/h2>\t\t<\/div>\n\t\t\t\t<\/div>\n\t\t\t\t<div class=\"elementor-element elementor-element-00d0bc3 elementor-widget elementor-widget-text-editor\" data-id=\"00d0bc3\" data-element_type=\"widget\" data-widget_type=\"text-editor.default\">\n\t\t\t\t<div class=\"elementor-widget-container\">\n\t\t\t\t\t\t\t\t<div class=\"elementor-text-editor elementor-clearfix\">\n\t\t\t\t<p>El Festival de Teatro de T\u00edteres Ruquita Velasco Bellas Artes nace como un evento bianual con el nombre de FESTIVAL VALLECAUCANO DE T\u00cdTERES bajo la iniciativa de la directora del grupo Ruth Velasco qui\u00e9n ten\u00eda el sue\u00f1o de llevar el arte de los t\u00edteres a los rincones m\u00e1s apartados del departamento.<\/p><p style=\"text-align: left;\"><span style=\"color: #808080;\"><em><a style=\"color: #808080; text-decoration: underline;\" href=\"https:\/\/bellasartes.edu.co\/festivalruquitavelasco\/primera-version-1988\/\">Primera Versi\u00f3n<\/a><\/em><\/span><br \/><span style=\"color: #808080;\"><em><a style=\"color: #808080; text-decoration: underline;\" href=\"https:\/\/bellasartes.edu.co\/festivalruquitavelasco\/segunda-version-1991\/\">Segunda Versi\u00f3n<\/a><\/em><\/span><br \/><span style=\"color: #808080;\"><em><a style=\"color: #808080; text-decoration: underline;\" href=\"https:\/\/bellasartes.edu.co\/festivalruquitavelasco\/tercera-version-1993\/\">Tercera Versi\u00f3n<\/a><\/em><\/span><br \/><span style=\"color: #808080;\"><em><a style=\"color: #808080; text-decoration: underline;\" href=\"https:\/\/bellasartes.edu.co\/festivalruquitavelasco\/cuarta-version-1995\/\">Cuarta Versi\u00f3n<\/a><\/em><\/span><br \/><span style=\"color: #808080;\"><em><a style=\"color: #808080; text-decoration: underline;\" href=\"https:\/\/bellasartes.edu.co\/festivalruquitavelasco\/elementor-5327\/\">Quinta Versi\u00f3n<\/a><\/em><\/span><br \/><span style=\"color: #808080;\"><em><a style=\"color: #808080; text-decoration: underline;\" href=\"https:\/\/bellasartes.edu.co\/festivalruquitavelasco\/sexta-version-2000\/\">Sexta Versi\u00f3n<\/a><\/em><\/span><br \/><span style=\"color: #808080;\"><em><a style=\"color: #808080; text-decoration: underline;\" href=\"https:\/\/bellasartes.edu.co\/festivalruquitavelasco\/septima-version-2002\/\">S\u00e9ptima Versi\u00f3n<\/a><\/em><\/span><br \/><span style=\"color: #808080;\"><em><a style=\"color: #808080; text-decoration: underline;\" href=\"https:\/\/bellasartes.edu.co\/festivalruquitavelasco\/octava-version-2004\/\">Octava Versi\u00f3n<\/a><\/em><\/span><br \/><span style=\"color: #808080;\"><em><a style=\"color: #808080; text-decoration: underline;\" href=\"https:\/\/bellasartes.edu.co\/festivalruquitavelasco\/novena-version-2006\/\">Novena Versi\u00f3n<\/a><\/em><\/span><br \/><span style=\"color: #808080;\"><em><a style=\"color: #808080; text-decoration: underline;\" href=\"https:\/\/bellasartes.edu.co\/festivalruquitavelasco\/decima-version-2008\/\">D\u00e9cima Versi\u00f3n<\/a><\/em><\/span><br \/><span style=\"color: #808080;\"><em><a style=\"color: #808080; text-decoration: underline;\" href=\"https:\/\/bellasartes.edu.co\/festivalruquitavelasco\/decimo-primera-version-2010\/\">D\u00e9cimo Primera Versi\u00f3n<\/a><\/em><\/span><br \/><span style=\"color: #808080;\"><em><a style=\"color: #808080; text-decoration: underline;\" href=\"https:\/\/bellasartes.edu.co\/festivalruquitavelasco\/decimo-segunda-version-2012\/\">D\u00e9cimo Segunda Versi\u00f3n<\/a><\/em><\/span><br \/><span style=\"color: #808080;\"><em><a style=\"color: #808080; text-decoration: underline;\" href=\"https:\/\/bellasartes.edu.co\/festivalruquitavelasco\/decimo-tercera-version-2014\/\">D\u00e9cimo Tercera Versi\u00f3n<\/a><\/em><\/span><br \/><span style=\"color: #808080;\"><em><a style=\"color: #808080; text-decoration: underline;\" href=\"https:\/\/bellasartes.edu.co\/festivalruquitavelasco\/decimo-cuarta-version-2016\/\">D\u00e9cimo Cuarta Versi\u00f3n<\/a><\/em><\/span><br \/><span style=\"color: #808080;\"><em><a style=\"color: #808080; text-decoration: underline;\" href=\"https:\/\/bellasartes.edu.co\/festivalruquitavelasco\/decimo-quinta-version-2018\/\">D\u00e9cimo Quinta Versi\u00f3n<\/a><\/em><\/span><br \/><span style=\"color: #808080;\"><em><a style=\"color: #808080; text-decoration: underline;\" href=\"https:\/\/bellasartes.edu.co\/festivalruquitavelasco\/decimo-sexto-festival-2020\/\"><span style=\"font-family: var( --e-global-typography-text-font-family ), Sans-serif; font-weight: var( --e-global-typography-text-font-weight );\">D\u00e9cimo Sexto Festival<\/span><\/a><\/em><\/span><\/p>\t\t\t\t\t<\/div>\n\t\t\t\t\t\t<\/div>\n\t\t\t\t<\/div>\n\t\t\t\t\t\t<\/div>\n\t\t\t\t\t<\/div>\n\t\t<\/div>\n\t\t\t\t<div class=\"elementor-column elementor-col-66 elementor-top-column elementor-element elementor-element-f65cf2f\" data-id=\"f65cf2f\" data-element_type=\"column\">\n\t\t\t<div class=\"elementor-column-wrap elementor-element-populated\">\n\t\t\t\t\t\t\t<div class=\"elementor-widget-wrap\">\n\t\t\t\t\t\t<div class=\"elementor-element elementor-element-124e3dc elementor-widget elementor-widget-image\" data-id=\"124e3dc\" data-element_type=\"widget\" data-widget_type=\"image.default\">\n\t\t\t\t<div class=\"elementor-widget-container\">\n\t\t\t\t\t\t\t\t<div class=\"elementor-image\">\n\t\t\t\t\t\t\t\t\t\t\t\t<img width=\"935\" height=\"690\" src=\"https:\/\/bellasartes.edu.co\/festivalruquitavelasco\/wp-content\/uploads\/2022\/10\/RUCA_titeres.jpg\" class=\"attachment-full size-full\" alt=\"\" loading=\"lazy\" srcset=\"https:\/\/bellasartes.edu.co\/festivalruquitavelasco\/wp-content\/uploads\/2022\/10\/RUCA_titeres.jpg 935w, https:\/\/bellasartes.edu.co\/festivalruquitavelasco\/wp-content\/uploads\/2022\/10\/RUCA_titeres-300x221.jpg 300w, https:\/\/bellasartes.edu.co\/festivalruquitavelasco\/wp-content\/uploads\/2022\/10\/RUCA_titeres-768x567.jpg 768w\" sizes=\"(max-width: 935px) 100vw, 935px\" \/>\t\t\t\t\t\t\t\t\t\t\t\t\t\t<\/div>\n\t\t\t\t\t\t<\/div>\n\t\t\t\t<\/div>\n\t\t\t\t\t\t<\/div>\n\t\t\t\t\t<\/div>\n\t\t<\/div>\n\t\t\t\t\t\t\t\t<\/div>\n\t\t\t\t\t<\/div>\n\t\t<\/section>\n\t\t\t\t<section class=\"elementor-section elementor-top-section elementor-element elementor-element-5d259e1 elementor-section-stretched elementor-section-boxed elementor-section-height-default elementor-section-height-default\" data-id=\"5d259e1\" data-element_type=\"section\" data-settings=\"{&quot;stretch_section&quot;:&quot;section-stretched&quot;,&quot;background_background&quot;:&quot;classic&quot;}\">\n\t\t\t\t\t\t<div class=\"elementor-container elementor-column-gap-default\">\n\t\t\t\t\t\t\t<div class=\"elementor-row\">\n\t\t\t\t\t<div class=\"elementor-column elementor-col-66 elementor-top-column elementor-element elementor-element-a7f1b19\" data-id=\"a7f1b19\" data-element_type=\"column\">\n\t\t\t<div class=\"elementor-column-wrap elementor-element-populated\">\n\t\t\t\t\t\t\t<div class=\"elementor-widget-wrap\">\n\t\t\t\t\t\t<div class=\"elementor-element elementor-element-7b20780 elementor-widget elementor-widget-heading\" data-id=\"7b20780\" data-element_type=\"widget\" data-widget_type=\"heading.default\">\n\t\t\t\t<div class=\"elementor-widget-container\">\n\t\t\t<h2 class=\"elementor-heading-title elementor-size-default\">Versiones del festival<\/h2>\t\t<\/div>\n\t\t\t\t<\/div>\n\t\t\t\t<div class=\"elementor-element elementor-element-5485c31 elementor-widget elementor-widget-text-editor\" data-id=\"5485c31\" data-element_type=\"widget\" data-widget_type=\"text-editor.default\">\n\t\t\t\t<div class=\"elementor-widget-container\">\n\t\t\t\t\t\t\t\t<div class=\"elementor-text-editor elementor-clearfix\">\n\t\t\t\t<p>El Festival de Teatro de T\u00edteres Ruquita Velasco Bellas Artes nace como un evento bianual con el nombre de FESTIVAL VALLECAUCANO DE T\u00cdTERES bajo la iniciativa de la directora del grupo Ruth Velasco qui\u00e9n ten\u00eda el sue\u00f1o de llevar el arte de los t\u00edteres a los rincones m\u00e1s apartados del departamento.<\/p>\t\t\t\t\t<\/div>\n\t\t\t\t\t\t<\/div>\n\t\t\t\t<\/div>\n\t\t\t\t<div class=\"elementor-element elementor-element-71c7324 elementor-widget elementor-widget-image\" data-id=\"71c7324\" data-element_type=\"widget\" data-widget_type=\"image.default\">\n\t\t\t\t<div class=\"elementor-widget-container\">\n\t\t\t\t\t\t\t\t<div class=\"elementor-image\">\n\t\t\t\t\t\t\t\t\t\t\t\t<img width=\"935\" height=\"690\" src=\"https:\/\/bellasartes.edu.co\/festivalruquitavelasco\/wp-content\/uploads\/2022\/10\/RUCA_titeres.jpg\" class=\"attachment-full size-full\" alt=\"\" loading=\"lazy\" srcset=\"https:\/\/bellasartes.edu.co\/festivalruquitavelasco\/wp-content\/uploads\/2022\/10\/RUCA_titeres.jpg 935w, https:\/\/bellasartes.edu.co\/festivalruquitavelasco\/wp-content\/uploads\/2022\/10\/RUCA_titeres-300x221.jpg 300w, https:\/\/bellasartes.edu.co\/festivalruquitavelasco\/wp-content\/uploads\/2022\/10\/RUCA_titeres-768x567.jpg 768w\" sizes=\"(max-width: 935px) 100vw, 935px\" \/>\t\t\t\t\t\t\t\t\t\t\t\t\t\t<\/div>\n\t\t\t\t\t\t<\/div>\n\t\t\t\t<\/div>\n\t\t\t\t\t\t<\/div>\n\t\t\t\t\t<\/div>\n\t\t<\/div>\n\t\t\t\t<div class=\"elementor-column elementor-col-33 elementor-top-column elementor-element elementor-element-a11366b\" data-id=\"a11366b\" data-element_type=\"column\" data-settings=\"{&quot;background_background&quot;:&quot;classic&quot;}\">\n\t\t\t<div class=\"elementor-column-wrap elementor-element-populated\">\n\t\t\t\t\t\t\t<div class=\"elementor-widget-wrap\">\n\t\t\t\t\t\t<div class=\"elementor-element elementor-element-dc34108 elementor-widget elementor-widget-text-editor\" data-id=\"dc34108\" data-element_type=\"widget\" data-widget_type=\"text-editor.default\">\n\t\t\t\t<div class=\"elementor-widget-container\">\n\t\t\t\t\t\t\t\t<div class=\"elementor-text-editor elementor-clearfix\">\n\t\t\t\t<ul><li style=\"text-align: left;\"><span style=\"color: #ffffff;\"><a style=\"color: #ffffff; text-decoration: underline;\" href=\"https:\/\/bellasartes.edu.co\/festivalruquitavelasco\/decimo-septimo-festival\/\">Primera<\/a><em><a style=\"color: #ffffff; text-decoration: underline;\" href=\"https:\/\/bellasartes.edu.co\/festivalruquitavelasco\/decimo-septimo-festival\/\"> Versi\u00f3n<\/a><\/em><\/span><\/li><li style=\"text-align: left;\"><span style=\"color: #ffffff;\"><em><a style=\"color: #ffffff; text-decoration: underline;\" href=\"https:\/\/bellasartes.edu.co\/festivalruquitavelasco\/segunda-version-1991\/\">Segunda Versi\u00f3n<\/a><\/em><\/span><\/li><li style=\"text-align: left;\"><span style=\"color: #ffffff;\"><em><a style=\"color: #ffffff; text-decoration: underline;\" href=\"https:\/\/bellasartes.edu.co\/festivalruquitavelasco\/tercera-version-1993\/\">Tercera Versi\u00f3n<\/a><\/em><\/span><\/li><li style=\"text-align: left;\"><span style=\"color: #ffffff;\"><em><a style=\"color: #ffffff; text-decoration: underline;\" href=\"https:\/\/bellasartes.edu.co\/festivalruquitavelasco\/cuarta-version-1995\/\">Cuarta Versi\u00f3n<\/a><\/em><\/span><\/li><li style=\"text-align: left;\"><span style=\"color: #ffffff;\"><em><a style=\"color: #ffffff; text-decoration: underline;\" href=\"https:\/\/bellasartes.edu.co\/festivalruquitavelasco\/elementor-5327\/\">Quinta Versi\u00f3n<\/a><\/em><\/span><\/li><li style=\"text-align: left;\"><span style=\"color: #ffffff;\"><em><a style=\"color: #ffffff; text-decoration: underline;\" href=\"https:\/\/bellasartes.edu.co\/festivalruquitavelasco\/sexta-version-2000\/\">Sexta Versi\u00f3<\/a>n<\/em><\/span><\/li><li style=\"text-align: left;\"><span style=\"color: #ffffff;\"><em><a style=\"color: #ffffff; text-decoration: underline;\" href=\"https:\/\/bellasartes.edu.co\/festivalruquitavelasco\/septima-version-2002\/\">S\u00e9ptima Versi\u00f3n<\/a><\/em><\/span><\/li><li style=\"text-align: left;\"><em style=\"color: #ffffff;\"><a style=\"color: #ffffff;\" href=\"https:\/\/bellasartes.edu.co\/festivalruquitavelasco\/octava-version-2004\/\"><u>Octava Versi\u00f3n<\/u><\/a><\/em><\/li><li style=\"text-align: left;\"><em style=\"color: #ffffff;\"><a style=\"color: #ffffff;\" href=\"https:\/\/bellasartes.edu.co\/festivalruquitavelasco\/novena-version-2006\/\"><u>Novena Versi\u00f3n<\/u><\/a><\/em><\/li><li style=\"text-align: left;\"><em style=\"color: #ffffff;\"><a style=\"color: #ffffff;\" href=\"https:\/\/bellasartes.edu.co\/festivalruquitavelasco\/decima-version-2008\/\"><u>D\u00e9cima Versi\u00f3n<\/u><\/a><\/em><\/li><li style=\"text-align: left;\"><em style=\"color: #ffffff;\"><a style=\"color: #ffffff;\" href=\"https:\/\/bellasartes.edu.co\/festivalruquitavelasco\/decimo-primera-version-2010\/\"><u>D\u00e9cimo Primera Versi\u00f3n<\/u><\/a><\/em><\/li><li style=\"text-align: left;\"><em style=\"color: #ffffff;\"><a style=\"color: #ffffff;\" href=\"https:\/\/bellasartes.edu.co\/festivalruquitavelasco\/decimo-segunda-version-2012\/\"><u>D\u00e9cimo Segunda Versi\u00f3n<\/u><\/a><\/em><\/li><li style=\"text-align: left;\"><em style=\"color: #ffffff;\"><a style=\"color: #ffffff;\" href=\"https:\/\/bellasartes.edu.co\/festivalruquitavelasco\/decimo-tercera-version-2014\/\"><u>D\u00e9cimo Tercera Versi\u00f3n<\/u><\/a><\/em><\/li><li style=\"text-align: left;\"><em style=\"color: #ffffff;\"><a style=\"color: #ffffff;\" href=\"https:\/\/bellasartes.edu.co\/festivalruquitavelasco\/decimo-cuarta-version-2016\/\"><u>D\u00e9cimo Cuarta Versi\u00f3n<\/u><\/a><\/em><\/li><li style=\"text-align: left;\"><em style=\"color: #ffffff;\"><a style=\"color: #ffffff;\" href=\"https:\/\/bellasartes.edu.co\/festivalruquitavelasco\/decimo-quinta-version-2018\/\"><u>D\u00e9cimo Quinta Versi\u00f3n<\/u><\/a><\/em><\/li><li style=\"text-align: left;\"><em style=\"color: #ffffff;\"><a style=\"color: #ffffff;\" href=\"https:\/\/bellasartes.edu.co\/festivalruquitavelasco\/decimo-sexto-festival-2020\/\"><span style=\"font-family: var( --e-global-typography-text-font-family ), Sans-serif; font-weight: var( --e-global-typography-text-font-weight );\"><u>D\u00e9cimo Sexto Festival<\/u><\/span><\/a><\/em><\/li><li style=\"text-align: left;\"><a href=\"https:\/\/bellasartes.edu.co\/festivalruquitavelasco\/decimo-septimo-festival\/\"><em style=\"text-align: right;\"><span style=\"font-family: var( --e-global-typography-text-font-family ), Sans-serif; font-weight: var( --e-global-typography-text-font-weight );\"><u>D\u00e9cimo Septimo Festival<\/u><\/span><\/em><\/a><\/li><li style=\"text-align: left;\"><a href=\"https:\/\/bellasartes.edu.co\/festivalruquitavelasco\/decimo-octavo-festival-2024\/\"><em>D\u00e9cimo Octavo Festival<\/em><\/a>\u00a0<\/li><\/ul>\t\t\t\t\t<\/div>\n\t\t\t\t\t\t<\/div>\n\t\t\t\t<\/div>\n\t\t\t\t\t\t<\/div>\n\t\t\t\t\t<\/div>\n\t\t<\/div>\n\t\t\t\t\t\t\t\t<\/div>\n\t\t\t\t\t<\/div>\n\t\t<\/section>\n\t\t\t\t\t\t\t\t\t<\/div>\n\t\t\t<\/div>\n\t\t\t\t\t<\/div>\n\t\t","protected":false},"excerpt":{"rendered":"<p>El festival El Festival de Teatro de T\u00edteres Ruquita Velasco Bellas Artes nace en 1988 como un evento bianual con el nombre de FESTIVAL VALLECAUCANO DE T\u00cdTERES bajo la iniciativa de la directora del grupo Ana Ruth Velasco mas conocida como \u201cRuquita\u201d qui\u00e9n ten\u00eda el sue\u00f1o de llevar el arte de los t\u00edteres a los rincones m\u00e1s apartados del departamento y es el Grupo Profesional de T\u00edteres TITIRINDEBA de Bellas Artes quien lo lidera, un a\u00f1o se realiza el componente &#8230; <\/p>\n<p class=\"read-more-container\"><a title=\"Historia del festival actualizado\" class=\"read-more button\" href=\"https:\/\/bellasartes.edu.co\/festivalruquitavelasco\/match\/#more-3421\" aria-label=\"M\u00e1s en Historia del festival actualizado\">Read More<\/a><\/p>\n","protected":false},"author":1,"featured_media":0,"parent":0,"menu_order":0,"comment_status":"closed","ping_status":"closed","template":"","meta":[],"_links":{"self":[{"href":"https:\/\/bellasartes.edu.co\/festivalruquitavelasco\/wp-json\/wp\/v2\/pages\/3421"}],"collection":[{"href":"https:\/\/bellasartes.edu.co\/festivalruquitavelasco\/wp-json\/wp\/v2\/pages"}],"about":[{"href":"https:\/\/bellasartes.edu.co\/festivalruquitavelasco\/wp-json\/wp\/v2\/types\/page"}],"author":[{"embeddable":true,"href":"https:\/\/bellasartes.edu.co\/festivalruquitavelasco\/wp-json\/wp\/v2\/users\/1"}],"replies":[{"embeddable":true,"href":"https:\/\/bellasartes.edu.co\/festivalruquitavelasco\/wp-json\/wp\/v2\/comments?post=3421"}],"version-history":[{"count":5,"href":"https:\/\/bellasartes.edu.co\/festivalruquitavelasco\/wp-json\/wp\/v2\/pages\/3421\/revisions"}],"predecessor-version":[{"id":6813,"href":"https:\/\/bellasartes.edu.co\/festivalruquitavelasco\/wp-json\/wp\/v2\/pages\/3421\/revisions\/6813"}],"wp:attachment":[{"href":"https:\/\/bellasartes.edu.co\/festivalruquitavelasco\/wp-json\/wp\/v2\/media?parent=3421"}],"curies":[{"name":"wp","href":"https:\/\/api.w.org\/{rel}","templated":true}]}}