{"id":3461,"date":"2020-06-21T17:01:02","date_gmt":"2020-06-21T22:01:02","guid":{"rendered":"http:\/\/bellasartes.edu.co\/festivalruquitavelasco\/inicio\/?page_id=3461"},"modified":"2023-03-22T20:08:28","modified_gmt":"2023-03-23T01:08:28","slug":"fundadora","status":"publish","type":"page","link":"https:\/\/bellasartes.edu.co\/festivalruquitavelasco\/fundadora\/","title":{"rendered":"Fundadora Del Festival"},"content":{"rendered":"\t\t<div data-elementor-type=\"wp-page\" data-elementor-id=\"3461\" class=\"elementor elementor-3461\">\n\t\t\t\t\t\t<div class=\"elementor-inner\">\n\t\t\t\t<div class=\"elementor-section-wrap\">\n\t\t\t\t\t\t\t\t\t<section class=\"elementor-section elementor-top-section elementor-element elementor-element-5456ba0 elementor-section-stretched elementor-section-boxed elementor-section-height-default elementor-section-height-default\" data-id=\"5456ba0\" data-element_type=\"section\" data-settings=\"{&quot;stretch_section&quot;:&quot;section-stretched&quot;,&quot;background_background&quot;:&quot;classic&quot;}\">\n\t\t\t\t\t\t<div class=\"elementor-container elementor-column-gap-default\">\n\t\t\t\t\t\t\t<div class=\"elementor-row\">\n\t\t\t\t\t<div class=\"elementor-column elementor-col-50 elementor-top-column elementor-element elementor-element-24b2f49\" data-id=\"24b2f49\" data-element_type=\"column\">\n\t\t\t<div class=\"elementor-column-wrap elementor-element-populated\">\n\t\t\t\t\t\t\t<div class=\"elementor-widget-wrap\">\n\t\t\t\t\t\t<div class=\"elementor-element elementor-element-abeaa84 elementor-widget elementor-widget-heading\" data-id=\"abeaa84\" data-element_type=\"widget\" data-widget_type=\"heading.default\">\n\t\t\t\t<div class=\"elementor-widget-container\">\n\t\t\t<h3 class=\"elementor-heading-title elementor-size-default\">Ruquita Velasco... tan grande como un t\u00edtere\n<\/h3>\t\t<\/div>\n\t\t\t\t<\/div>\n\t\t\t\t<div class=\"elementor-element elementor-element-d54189e elementor-widget elementor-widget-text-editor\" data-id=\"d54189e\" data-element_type=\"widget\" data-widget_type=\"text-editor.default\">\n\t\t\t\t<div class=\"elementor-widget-container\">\n\t\t\t\t\t\t\t\t<div class=\"elementor-text-editor elementor-clearfix\">\n\t\t\t\t<h4><span style=\"font-family: 'IBM Plex Sans', sans-serif; font-size: 16px; color: #333333;\">Hace much\u00edsimos d\u00edas, noches y ma\u00f1anas naci\u00f3 en un peque\u00f1o puerto del pacifico colombiano, una ni\u00f1a de ojos grandes y sonrisa de sirena\u2026 Su madre al verla tan grande la bautiz\u00f3 Ana Ruth\u2026 Pero que sorpresa, con el tiempo, esa ni\u00f1a no Crec\u00eda\u2026 Y los a\u00f1os pasaron y la peque\u00f1a Ruth que muchos amigos ten\u00eda, fue llamada por cari\u00f1o Ruca la peque\u00f1a de estatura y sonrisa de mel\u00f3n\u2026 Entre juegos y oficios creci\u00f3 y llegando a Cali un bicho raro le pic\u00f3\u2026 Qu\u00e9 dolor para la madre, estudiar teatro quer\u00eda y a fuerza de voluntad a Bellas Artes entr\u00f3\u2026 Que ricura, se encontr\u00f3 con Enrique Buenaventura y con \u00e9l muchas cosas aprendi\u00f3\u2026hacer teatro de verdad con el TEC muchos a\u00f1os trabaj\u00f3\u2026 Con Fanny Mikey, Vicky Hern\u00e1ndez, Yolanda Garc\u00eda, A\u00edda Fern\u00e1ndez, Iv\u00e1n Montoya y otros m\u00e1s construyeron el teatro en esta ciudad\u2026 \u00a1Pero el tiempo pas\u00f3 y por suerte con los ni\u00f1os se encontr\u00f3, el teatro infantil la embruj\u00f3 y en escuelas y colegios su sonrisa comparti\u00f3 \u2026! Ruquita \u00a1Ruquita \u00a1los peque\u00f1os la llamaban, en medio de tantos ni\u00f1os Ruquita se enamoraba\u2026fue as\u00ed como se qued\u00f3 la Ruquita con los ni\u00f1os, con los grandes era Ruca y con los abuelos do\u00f1a Ruth\u2026Los a\u00f1os pasaron y regreso a Bellas Artes para encontrarse con Octavio Marulanda, donde fundaron el grupo de t\u00edteres con docentes de teatro\u2026. Y la vida sigui\u00f3\u2026la peque\u00f1a Ruca de docente se jubil\u00f3 y su destino as\u00ed marc\u00f3\u2026<\/span><\/h4>\t\t\t\t\t<\/div>\n\t\t\t\t\t\t<\/div>\n\t\t\t\t<\/div>\n\t\t\t\t\t\t<\/div>\n\t\t\t\t\t<\/div>\n\t\t<\/div>\n\t\t\t\t<div class=\"elementor-column elementor-col-50 elementor-top-column elementor-element elementor-element-0016b4e\" data-id=\"0016b4e\" data-element_type=\"column\">\n\t\t\t<div class=\"elementor-column-wrap elementor-element-populated\">\n\t\t\t\t\t\t\t<div class=\"elementor-widget-wrap\">\n\t\t\t\t\t\t<div class=\"elementor-element elementor-element-0c097d1 elementor-widget elementor-widget-image\" data-id=\"0c097d1\" data-element_type=\"widget\" data-widget_type=\"image.default\">\n\t\t\t\t<div class=\"elementor-widget-container\">\n\t\t\t\t\t\t\t\t<div class=\"elementor-image\">\n\t\t\t\t\t\t\t\t\t\t\t\t<img width=\"621\" height=\"598\" src=\"https:\/\/bellasartes.edu.co\/festivalruquitavelasco\/wp-content\/uploads\/2023\/03\/la-rucaa.jpg\" class=\"attachment-full size-full\" alt=\"\" loading=\"lazy\" srcset=\"https:\/\/bellasartes.edu.co\/festivalruquitavelasco\/wp-content\/uploads\/2023\/03\/la-rucaa.jpg 621w, https:\/\/bellasartes.edu.co\/festivalruquitavelasco\/wp-content\/uploads\/2023\/03\/la-rucaa-300x289.jpg 300w\" sizes=\"(max-width: 621px) 100vw, 621px\" \/>\t\t\t\t\t\t\t\t\t\t\t\t\t\t<\/div>\n\t\t\t\t\t\t<\/div>\n\t\t\t\t<\/div>\n\t\t\t\t\t\t<\/div>\n\t\t\t\t\t<\/div>\n\t\t<\/div>\n\t\t\t\t\t\t\t\t<\/div>\n\t\t\t\t\t<\/div>\n\t\t<\/section>\n\t\t\t\t<section class=\"elementor-section elementor-top-section elementor-element elementor-element-67d7a14 elementor-section-stretched elementor-section-boxed elementor-section-height-default elementor-section-height-default\" data-id=\"67d7a14\" data-element_type=\"section\" data-settings=\"{&quot;stretch_section&quot;:&quot;section-stretched&quot;,&quot;background_background&quot;:&quot;classic&quot;}\">\n\t\t\t\t\t\t<div class=\"elementor-container elementor-column-gap-default\">\n\t\t\t\t\t\t\t<div class=\"elementor-row\">\n\t\t\t\t\t<div class=\"elementor-column elementor-col-100 elementor-top-column elementor-element elementor-element-7838b58\" data-id=\"7838b58\" data-element_type=\"column\">\n\t\t\t<div class=\"elementor-column-wrap elementor-element-populated\">\n\t\t\t\t\t\t\t<div class=\"elementor-widget-wrap\">\n\t\t\t\t\t\t<div class=\"elementor-element elementor-element-6aa824e elementor-widget elementor-widget-text-editor\" data-id=\"6aa824e\" data-element_type=\"widget\" data-widget_type=\"text-editor.default\">\n\t\t\t\t<div class=\"elementor-widget-container\">\n\t\t\t\t\t\t\t\t<div class=\"elementor-text-editor elementor-clearfix\">\n\t\t\t\t<p><span style=\"color: #333333;\">Nooooooooo esta historia no termina, Ruquita no se march\u00f3, volvi\u00f3 con los t\u00edteres de Bellas Artes y grandes sue\u00f1os cumpli\u00f3, entre actores de madera a los ni\u00f1os encant\u00f3 \u2026.D\u00edas y noches pasaron y la nieve en su cabello creci\u00f3, grandes amores mantuvo, como esposo un pintor y de amantes ni\u00f1os y mu\u00f1ecos que aprend\u00edan junto a ella\u2026 Risas y sonrisas que entre medallas y aplausos escond\u00eda\u2026\u00bf Ruquita por qu\u00e9 te escondes entre ni\u00f1os y mu\u00f1ecos?\u2026Era as\u00ed de peque\u00f1ita que m\u00e1gicamente, a los periodistas se les perd\u00eda \u2026..Pero su inmenso coraz\u00f3n, un d\u00eda le rega\u00f1o y le dijo : \u201c Deja de querer muchacha, que tanta gente no cabe en este tu coraz\u00f3n \u201d.. No me importa dijo ella &#8230;Si No cabe, buscar\u00e9 otro coraz\u00f3n m\u00e1s grande que me deje amar a todos, desde Arlequ\u00edn y polichinela a todos debo querer\u2026 Y as\u00ed fue, la peque\u00f1a Ruquita se march\u00f3 a buscar otro coraz\u00f3n para amar a mucha gente y volvernos a ense\u00f1ar\u2026 Seguro esperaremos para volverla encontrar, compartiendo con mu\u00f1ecos una historia de verdad\u2026 Y color\u00edn colorado este cuento ha terminado, se meti\u00f3 por un zapato roto y ma\u00f1ana Ruquita les contar\u00e1 otro.<\/span><\/p><p><span style=\"color: #333333;\">FIN<\/span><br \/><span style=\"color: #333333;\">Ricardo Vivas Duarte<\/span><br \/><span style=\"color: #333333;\">Grupo Profesional de T\u00edteres de Bellas Artes.<\/span><\/p>\t\t\t\t\t<\/div>\n\t\t\t\t\t\t<\/div>\n\t\t\t\t<\/div>\n\t\t\t\t\t\t<\/div>\n\t\t\t\t\t<\/div>\n\t\t<\/div>\n\t\t\t\t\t\t\t\t<\/div>\n\t\t\t\t\t<\/div>\n\t\t<\/section>\n\t\t\t\t\t\t\t\t\t<\/div>\n\t\t\t<\/div>\n\t\t\t\t\t<\/div>\n\t\t","protected":false},"excerpt":{"rendered":"<p>Ruquita Velasco&#8230; tan grande como un t\u00edtere Hace much\u00edsimos d\u00edas, noches y ma\u00f1anas naci\u00f3 en un peque\u00f1o puerto del pacifico colombiano, una ni\u00f1a de ojos grandes y sonrisa de sirena\u2026 Su madre al verla tan grande la bautiz\u00f3 Ana Ruth\u2026 Pero que sorpresa, con el tiempo, esa ni\u00f1a no Crec\u00eda\u2026 Y los a\u00f1os pasaron y la peque\u00f1a Ruth que muchos amigos ten\u00eda, fue llamada por cari\u00f1o Ruca la peque\u00f1a de estatura y sonrisa de mel\u00f3n\u2026 Entre juegos y oficios creci\u00f3 &#8230; <\/p>\n<p class=\"read-more-container\"><a title=\"Fundadora Del Festival\" class=\"read-more button\" href=\"https:\/\/bellasartes.edu.co\/festivalruquitavelasco\/fundadora\/#more-3461\" aria-label=\"M\u00e1s en Fundadora Del Festival\">Read More<\/a><\/p>\n","protected":false},"author":1,"featured_media":0,"parent":0,"menu_order":0,"comment_status":"closed","ping_status":"closed","template":"","meta":[],"_links":{"self":[{"href":"https:\/\/bellasartes.edu.co\/festivalruquitavelasco\/wp-json\/wp\/v2\/pages\/3461"}],"collection":[{"href":"https:\/\/bellasartes.edu.co\/festivalruquitavelasco\/wp-json\/wp\/v2\/pages"}],"about":[{"href":"https:\/\/bellasartes.edu.co\/festivalruquitavelasco\/wp-json\/wp\/v2\/types\/page"}],"author":[{"embeddable":true,"href":"https:\/\/bellasartes.edu.co\/festivalruquitavelasco\/wp-json\/wp\/v2\/users\/1"}],"replies":[{"embeddable":true,"href":"https:\/\/bellasartes.edu.co\/festivalruquitavelasco\/wp-json\/wp\/v2\/comments?post=3461"}],"version-history":[{"count":5,"href":"https:\/\/bellasartes.edu.co\/festivalruquitavelasco\/wp-json\/wp\/v2\/pages\/3461\/revisions"}],"predecessor-version":[{"id":5861,"href":"https:\/\/bellasartes.edu.co\/festivalruquitavelasco\/wp-json\/wp\/v2\/pages\/3461\/revisions\/5861"}],"wp:attachment":[{"href":"https:\/\/bellasartes.edu.co\/festivalruquitavelasco\/wp-json\/wp\/v2\/media?parent=3461"}],"curies":[{"name":"wp","href":"https:\/\/api.w.org\/{rel}","templated":true}]}}