{"id":3475,"date":"2020-06-21T18:06:18","date_gmt":"2020-06-21T23:06:18","guid":{"rendered":"http:\/\/bellasartes.edu.co\/festivalruquitavelasco\/inicio\/?page_id=3475"},"modified":"2020-06-21T18:07:49","modified_gmt":"2020-06-21T23:07:49","slug":"bellas-artes","status":"publish","type":"page","link":"https:\/\/bellasartes.edu.co\/festivalruquitavelasco\/bellas-artes\/","title":{"rendered":"Instituto Departamental de Bellas Artes"},"content":{"rendered":"\t\t<div data-elementor-type=\"wp-page\" data-elementor-id=\"3475\" class=\"elementor elementor-3475\">\n\t\t\t\t\t\t<div class=\"elementor-inner\">\n\t\t\t\t<div class=\"elementor-section-wrap\">\n\t\t\t\t\t\t\t\t\t<section class=\"elementor-section elementor-top-section elementor-element elementor-element-ef8d1c1 elementor-section-boxed elementor-section-height-default elementor-section-height-default\" data-id=\"ef8d1c1\" data-element_type=\"section\">\n\t\t\t\t\t\t<div class=\"elementor-container elementor-column-gap-default\">\n\t\t\t\t\t\t\t<div class=\"elementor-row\">\n\t\t\t\t\t<div class=\"elementor-column elementor-col-100 elementor-top-column elementor-element elementor-element-b620136\" data-id=\"b620136\" data-element_type=\"column\">\n\t\t\t<div class=\"elementor-column-wrap elementor-element-populated\">\n\t\t\t\t\t\t\t<div class=\"elementor-widget-wrap\">\n\t\t\t\t\t\t<div class=\"elementor-element elementor-element-acf211e elementor-widget elementor-widget-text-editor\" data-id=\"acf211e\" data-element_type=\"widget\" data-widget_type=\"text-editor.default\">\n\t\t\t\t<div class=\"elementor-widget-container\">\n\t\t\t\t\t\t\t\t<div class=\"elementor-text-editor elementor-clearfix\">\n\t\t\t\t<p>El Instituto Departamental de Bellas Artes es una entidad universitaria especializada en educaci\u00f3n art\u00edstica, establecimiento p\u00fablico de orden departamental creado mediante Ordenanza 008 de marzo 16 de 1936, con personer\u00eda jur\u00eddica, autonom\u00eda administrativa y patrimonio independiente, adscrito a la Secretar\u00eda de Cultura Departamental. La Entidad cuenta con el Conservatorio \u201cAntonio Mar\u00eda Valencia\u201d, que ofrece en los niveles de b\u00e1sica y media los programas de Primaria y Bachillerato Musical y en el nivel superior, el programa de Interpretaci\u00f3n Musical. Igualmente, cuenta con la Facultad de Artes Visuales y Aplicadas, con dos programas de nivel superior: Dise\u00f1o Gr\u00e1fico y Artes Pl\u00e1sticas y la Facultad de Artes Esc\u00e9nicas con los programas de Bachillerato Art\u00edstico en Teatro y el pregrado Licenciatura en Arte Teatral.<\/p>\t\t\t\t\t<\/div>\n\t\t\t\t\t\t<\/div>\n\t\t\t\t<\/div>\n\t\t\t\t\t\t<\/div>\n\t\t\t\t\t<\/div>\n\t\t<\/div>\n\t\t\t\t\t\t\t\t<\/div>\n\t\t\t\t\t<\/div>\n\t\t<\/section>\n\t\t\t\t<section class=\"elementor-section elementor-top-section elementor-element elementor-element-7aa030c elementor-section-boxed elementor-section-height-default elementor-section-height-default\" data-id=\"7aa030c\" data-element_type=\"section\">\n\t\t\t\t\t\t<div class=\"elementor-container elementor-column-gap-default\">\n\t\t\t\t\t\t\t<div class=\"elementor-row\">\n\t\t\t\t\t<div class=\"elementor-column elementor-col-50 elementor-top-column elementor-element elementor-element-dfa6c61\" data-id=\"dfa6c61\" data-element_type=\"column\">\n\t\t\t<div class=\"elementor-column-wrap elementor-element-populated\">\n\t\t\t\t\t\t\t<div class=\"elementor-widget-wrap\">\n\t\t\t\t\t\t<div class=\"elementor-element elementor-element-4e1d902 elementor-widget elementor-widget-text-editor\" data-id=\"4e1d902\" data-element_type=\"widget\" data-widget_type=\"text-editor.default\">\n\t\t\t\t<div class=\"elementor-widget-container\">\n\t\t\t\t\t\t\t\t<div class=\"elementor-text-editor elementor-clearfix\">\n\t\t\t\t<p>Ofrece adem\u00e1s el postgrado Especializaci\u00f3n &#8220;Gerencia para las Artes&#8221; y cursos de extensi\u00f3n para ni\u00f1os, j\u00f3venes y adultos en m\u00fasica, teatro, t\u00edteres, pintura y dibujo. Uno de sus objetivos estrat\u00e9gicos es desarrollar y consolidar pol\u00edticas y programas de proyecci\u00f3n social en el marco de su responsabilidad social universitaria a trav\u00e9s de las facultades y los grupos art\u00edsticos profesionales: Banda Departamental y Grupo de T\u00edteres &#8220;Titirindeba&#8221;, con amplia trayectoria y alto nivel de calidad t\u00e9cnica, los cuales adelantan acciones de promoci\u00f3n y difusi\u00f3n cultural regional, nacional e internacional. Los diferentes eventos art\u00edsticos y culturales, realizados por el Instituto Departamental de Bellas Artes, han generado espacios de encuentro y di\u00e1logo social y cultural de las comunidades participantes, ni\u00f1os, j\u00f3venes y adultos, adem\u00e1s de compensar la falta de reconocimiento de nuestra riqueza pluri\u00e9tnica y multicultural, mediante el fortalecimiento de una pol\u00edtica cultural incluyente y participativa.<\/p>\t\t\t\t\t<\/div>\n\t\t\t\t\t\t<\/div>\n\t\t\t\t<\/div>\n\t\t\t\t\t\t<\/div>\n\t\t\t\t\t<\/div>\n\t\t<\/div>\n\t\t\t\t<div class=\"elementor-column elementor-col-50 elementor-top-column elementor-element elementor-element-828f564\" data-id=\"828f564\" data-element_type=\"column\">\n\t\t\t<div class=\"elementor-column-wrap elementor-element-populated\">\n\t\t\t\t\t\t\t<div class=\"elementor-widget-wrap\">\n\t\t\t\t\t\t<div class=\"elementor-element elementor-element-d19f423 elementor-widget elementor-widget-image\" data-id=\"d19f423\" data-element_type=\"widget\" data-widget_type=\"image.default\">\n\t\t\t\t<div class=\"elementor-widget-container\">\n\t\t\t\t\t\t\t\t<div class=\"elementor-image\">\n\t\t\t\t\t\t\t\t\t\t\t\t<img width=\"600\" height=\"450\" src=\"https:\/\/bellasartes.edu.co\/festivalruquitavelasco\/wp-content\/uploads\/2020\/06\/Backing.jpg\" class=\"attachment-large size-large\" alt=\"\" loading=\"lazy\" srcset=\"https:\/\/bellasartes.edu.co\/festivalruquitavelasco\/wp-content\/uploads\/2020\/06\/Backing.jpg 600w, https:\/\/bellasartes.edu.co\/festivalruquitavelasco\/wp-content\/uploads\/2020\/06\/Backing-300x225.jpg 300w, https:\/\/bellasartes.edu.co\/festivalruquitavelasco\/wp-content\/uploads\/2020\/06\/Backing-24x18.jpg 24w, https:\/\/bellasartes.edu.co\/festivalruquitavelasco\/wp-content\/uploads\/2020\/06\/Backing-36x27.jpg 36w, https:\/\/bellasartes.edu.co\/festivalruquitavelasco\/wp-content\/uploads\/2020\/06\/Backing-48x36.jpg 48w\" sizes=\"(max-width: 600px) 100vw, 600px\" \/>\t\t\t\t\t\t\t\t\t\t\t\t\t\t<\/div>\n\t\t\t\t\t\t<\/div>\n\t\t\t\t<\/div>\n\t\t\t\t\t\t<\/div>\n\t\t\t\t\t<\/div>\n\t\t<\/div>\n\t\t\t\t\t\t\t\t<\/div>\n\t\t\t\t\t<\/div>\n\t\t<\/section>\n\t\t\t\t\t\t\t\t\t<\/div>\n\t\t\t<\/div>\n\t\t\t\t\t<\/div>\n\t\t","protected":false},"excerpt":{"rendered":"<p>El Instituto Departamental de Bellas Artes es una entidad universitaria especializada en educaci\u00f3n art\u00edstica, establecimiento p\u00fablico de orden departamental creado mediante Ordenanza 008 de marzo 16 de 1936, con personer\u00eda jur\u00eddica, autonom\u00eda administrativa y patrimonio independiente, adscrito a la Secretar\u00eda de Cultura Departamental. La Entidad cuenta con el Conservatorio \u201cAntonio Mar\u00eda Valencia\u201d, que ofrece en los niveles de b\u00e1sica y media los programas de Primaria y Bachillerato Musical y en el nivel superior, el programa de Interpretaci\u00f3n Musical. Igualmente, cuenta &#8230; <\/p>\n<p class=\"read-more-container\"><a title=\"Instituto Departamental de Bellas Artes\" class=\"read-more button\" href=\"https:\/\/bellasartes.edu.co\/festivalruquitavelasco\/bellas-artes\/#more-3475\" aria-label=\"M\u00e1s en Instituto Departamental de Bellas Artes\">Read More<\/a><\/p>\n","protected":false},"author":1,"featured_media":0,"parent":0,"menu_order":0,"comment_status":"closed","ping_status":"closed","template":"","meta":[],"_links":{"self":[{"href":"https:\/\/bellasartes.edu.co\/festivalruquitavelasco\/wp-json\/wp\/v2\/pages\/3475"}],"collection":[{"href":"https:\/\/bellasartes.edu.co\/festivalruquitavelasco\/wp-json\/wp\/v2\/pages"}],"about":[{"href":"https:\/\/bellasartes.edu.co\/festivalruquitavelasco\/wp-json\/wp\/v2\/types\/page"}],"author":[{"embeddable":true,"href":"https:\/\/bellasartes.edu.co\/festivalruquitavelasco\/wp-json\/wp\/v2\/users\/1"}],"replies":[{"embeddable":true,"href":"https:\/\/bellasartes.edu.co\/festivalruquitavelasco\/wp-json\/wp\/v2\/comments?post=3475"}],"version-history":[{"count":3,"href":"https:\/\/bellasartes.edu.co\/festivalruquitavelasco\/wp-json\/wp\/v2\/pages\/3475\/revisions"}],"predecessor-version":[{"id":3479,"href":"https:\/\/bellasartes.edu.co\/festivalruquitavelasco\/wp-json\/wp\/v2\/pages\/3475\/revisions\/3479"}],"wp:attachment":[{"href":"https:\/\/bellasartes.edu.co\/festivalruquitavelasco\/wp-json\/wp\/v2\/media?parent=3475"}],"curies":[{"name":"wp","href":"https:\/\/api.w.org\/{rel}","templated":true}]}}