{"id":4001,"date":"2020-10-05T09:56:35","date_gmt":"2020-10-05T14:56:35","guid":{"rendered":"https:\/\/bellasartes.edu.co\/festivalruquitavelasco\/?page_id=4001"},"modified":"2020-10-05T10:38:26","modified_gmt":"2020-10-05T15:38:26","slug":"turismo-cultural","status":"publish","type":"page","link":"https:\/\/bellasartes.edu.co\/festivalruquitavelasco\/turismo-cultural\/","title":{"rendered":"Turismo cultural"},"content":{"rendered":"\t\t<div data-elementor-type=\"wp-page\" data-elementor-id=\"4001\" class=\"elementor elementor-4001\">\n\t\t\t\t\t\t<div class=\"elementor-inner\">\n\t\t\t\t<div class=\"elementor-section-wrap\">\n\t\t\t\t\t\t\t\t\t<section class=\"elementor-section elementor-top-section elementor-element elementor-element-a0ad30f elementor-section-boxed elementor-section-height-default elementor-section-height-default\" data-id=\"a0ad30f\" data-element_type=\"section\">\n\t\t\t\t\t\t<div class=\"elementor-container elementor-column-gap-default\">\n\t\t\t\t\t\t\t<div class=\"elementor-row\">\n\t\t\t\t\t<div class=\"elementor-column elementor-col-100 elementor-top-column elementor-element elementor-element-eaf8501\" data-id=\"eaf8501\" data-element_type=\"column\">\n\t\t\t<div class=\"elementor-column-wrap elementor-element-populated\">\n\t\t\t\t\t\t\t<div class=\"elementor-widget-wrap\">\n\t\t\t\t\t\t<div class=\"elementor-element elementor-element-b43c03f elementor-widget elementor-widget-heading\" data-id=\"b43c03f\" data-element_type=\"widget\" data-widget_type=\"heading.default\">\n\t\t\t\t<div class=\"elementor-widget-container\">\n\t\t\t<h2 class=\"elementor-heading-title elementor-size-default\">Turismo cultural<\/h2>\t\t<\/div>\n\t\t\t\t<\/div>\n\t\t\t\t\t\t<\/div>\n\t\t\t\t\t<\/div>\n\t\t<\/div>\n\t\t\t\t\t\t\t\t<\/div>\n\t\t\t\t\t<\/div>\n\t\t<\/section>\n\t\t\t\t<section class=\"elementor-section elementor-top-section elementor-element elementor-element-e70dfe9 elementor-section-boxed elementor-section-height-default elementor-section-height-default\" data-id=\"e70dfe9\" data-element_type=\"section\">\n\t\t\t\t\t\t<div class=\"elementor-container elementor-column-gap-default\">\n\t\t\t\t\t\t\t<div class=\"elementor-row\">\n\t\t\t\t\t<div class=\"elementor-column elementor-col-100 elementor-top-column elementor-element elementor-element-98eaa43\" data-id=\"98eaa43\" data-element_type=\"column\">\n\t\t\t<div class=\"elementor-column-wrap elementor-element-populated\">\n\t\t\t\t\t\t\t<div class=\"elementor-widget-wrap\">\n\t\t\t\t\t\t<div class=\"elementor-element elementor-element-ab3799a elementor-widget elementor-widget-text-editor\" data-id=\"ab3799a\" data-element_type=\"widget\" data-widget_type=\"text-editor.default\">\n\t\t\t\t<div class=\"elementor-widget-container\">\n\t\t\t\t\t\t\t\t<div class=\"elementor-text-editor elementor-clearfix\">\n\t\t\t\t<p style=\"text-align: center;\">Conoce nuestros sitios tur\u00edsticos y culturales, dandole clic a cada logo.<\/p>\t\t\t\t\t<\/div>\n\t\t\t\t\t\t<\/div>\n\t\t\t\t<\/div>\n\t\t\t\t\t\t<\/div>\n\t\t\t\t\t<\/div>\n\t\t<\/div>\n\t\t\t\t\t\t\t\t<\/div>\n\t\t\t\t\t<\/div>\n\t\t<\/section>\n\t\t\t\t<section class=\"elementor-section elementor-top-section elementor-element elementor-element-4c16eb3 elementor-section-boxed elementor-section-height-default elementor-section-height-default\" data-id=\"4c16eb3\" data-element_type=\"section\">\n\t\t\t\t\t\t<div class=\"elementor-container elementor-column-gap-default\">\n\t\t\t\t\t\t\t<div class=\"elementor-row\">\n\t\t\t\t\t<div class=\"elementor-column elementor-col-20 elementor-top-column elementor-element elementor-element-583dc0d\" data-id=\"583dc0d\" data-element_type=\"column\">\n\t\t\t<div class=\"elementor-column-wrap\">\n\t\t\t\t\t\t\t<div class=\"elementor-widget-wrap\">\n\t\t\t\t\t\t\t\t<\/div>\n\t\t\t\t\t<\/div>\n\t\t<\/div>\n\t\t\t\t<div class=\"elementor-column elementor-col-20 elementor-top-column elementor-element elementor-element-93aa7d0\" data-id=\"93aa7d0\" data-element_type=\"column\">\n\t\t\t<div class=\"elementor-column-wrap elementor-element-populated\">\n\t\t\t\t\t\t\t<div class=\"elementor-widget-wrap\">\n\t\t\t\t\t\t<div class=\"elementor-element elementor-element-57a5d1c elementor-widget elementor-widget-image\" data-id=\"57a5d1c\" data-element_type=\"widget\" data-widget_type=\"image.default\">\n\t\t\t\t<div class=\"elementor-widget-container\">\n\t\t\t\t\t\t\t\t<div class=\"elementor-image\">\n\t\t\t\t\t\t\t\t\t\t\t\t\t<a href=\"https:\/\/www.valledelcauca.gov.co\/turismo\/\" target=\"_blank\">\n\t\t\t\t\t\t\t<img width=\"369\" height=\"67\" src=\"https:\/\/bellasartes.edu.co\/festivalruquitavelasco\/wp-content\/uploads\/2020\/10\/gobernacion.png\" class=\"elementor-animation-float attachment-full size-full\" alt=\"\" loading=\"lazy\" srcset=\"https:\/\/bellasartes.edu.co\/festivalruquitavelasco\/wp-content\/uploads\/2020\/10\/gobernacion.png 369w, https:\/\/bellasartes.edu.co\/festivalruquitavelasco\/wp-content\/uploads\/2020\/10\/gobernacion-300x54.png 300w\" sizes=\"(max-width: 369px) 100vw, 369px\" \/>\t\t\t\t\t\t\t\t<\/a>\n\t\t\t\t\t\t\t\t\t\t\t\t\t\t<\/div>\n\t\t\t\t\t\t<\/div>\n\t\t\t\t<\/div>\n\t\t\t\t<div class=\"elementor-element elementor-element-341bdb5 elementor-widget elementor-widget-heading\" data-id=\"341bdb5\" data-element_type=\"widget\" data-widget_type=\"heading.default\">\n\t\t\t\t<div class=\"elementor-widget-container\">\n\t\t\t<h4 class=\"elementor-heading-title elementor-size-default\">Gobernaci\u00f3n del Valle<\/h4>\t\t<\/div>\n\t\t\t\t<\/div>\n\t\t\t\t\t\t<\/div>\n\t\t\t\t\t<\/div>\n\t\t<\/div>\n\t\t\t\t<div class=\"elementor-column elementor-col-20 elementor-top-column elementor-element elementor-element-0da8e18\" data-id=\"0da8e18\" data-element_type=\"column\">\n\t\t\t<div class=\"elementor-column-wrap\">\n\t\t\t\t\t\t\t<div class=\"elementor-widget-wrap\">\n\t\t\t\t\t\t\t\t<\/div>\n\t\t\t\t\t<\/div>\n\t\t<\/div>\n\t\t\t\t<div class=\"elementor-column elementor-col-20 elementor-top-column elementor-element elementor-element-c6504ab\" data-id=\"c6504ab\" data-element_type=\"column\">\n\t\t\t<div class=\"elementor-column-wrap elementor-element-populated\">\n\t\t\t\t\t\t\t<div class=\"elementor-widget-wrap\">\n\t\t\t\t\t\t<div class=\"elementor-element elementor-element-cad6209 elementor-widget elementor-widget-image\" data-id=\"cad6209\" data-element_type=\"widget\" data-widget_type=\"image.default\">\n\t\t\t\t<div class=\"elementor-widget-container\">\n\t\t\t\t\t\t\t\t<div class=\"elementor-image\">\n\t\t\t\t\t\t\t\t\t\t\t\t\t<a href=\"https:\/\/www.cali.gov.co\/turismo\/\" target=\"_blank\">\n\t\t\t\t\t\t\t<img width=\"273\" height=\"67\" src=\"https:\/\/bellasartes.edu.co\/festivalruquitavelasco\/wp-content\/uploads\/2020\/10\/alcandia.png\" class=\"elementor-animation-float attachment-full size-full\" alt=\"\" loading=\"lazy\" \/>\t\t\t\t\t\t\t\t<\/a>\n\t\t\t\t\t\t\t\t\t\t\t\t\t\t<\/div>\n\t\t\t\t\t\t<\/div>\n\t\t\t\t<\/div>\n\t\t\t\t<div class=\"elementor-element elementor-element-cd4ce36 elementor-widget elementor-widget-heading\" data-id=\"cd4ce36\" data-element_type=\"widget\" data-widget_type=\"heading.default\">\n\t\t\t\t<div class=\"elementor-widget-container\">\n\t\t\t<h4 class=\"elementor-heading-title elementor-size-default\">Alcald\u00eda de cali\n<\/h4>\t\t<\/div>\n\t\t\t\t<\/div>\n\t\t\t\t\t\t<\/div>\n\t\t\t\t\t<\/div>\n\t\t<\/div>\n\t\t\t\t<div class=\"elementor-column elementor-col-20 elementor-top-column elementor-element elementor-element-7f13db6\" data-id=\"7f13db6\" data-element_type=\"column\">\n\t\t\t<div class=\"elementor-column-wrap\">\n\t\t\t\t\t\t\t<div class=\"elementor-widget-wrap\">\n\t\t\t\t\t\t\t\t<\/div>\n\t\t\t\t\t<\/div>\n\t\t<\/div>\n\t\t\t\t\t\t\t\t<\/div>\n\t\t\t\t\t<\/div>\n\t\t<\/section>\n\t\t\t\t<section class=\"elementor-section elementor-top-section elementor-element elementor-element-8e46a30 elementor-section-boxed elementor-section-height-default elementor-section-height-default\" data-id=\"8e46a30\" data-element_type=\"section\">\n\t\t\t\t\t\t<div class=\"elementor-container elementor-column-gap-default\">\n\t\t\t\t\t\t\t<div class=\"elementor-row\">\n\t\t\t\t\t<div class=\"elementor-column elementor-col-100 elementor-top-column elementor-element elementor-element-8b3cfdc\" data-id=\"8b3cfdc\" data-element_type=\"column\">\n\t\t\t<div class=\"elementor-column-wrap elementor-element-populated\">\n\t\t\t\t\t\t\t<div class=\"elementor-widget-wrap\">\n\t\t\t\t\t\t<div class=\"elementor-element elementor-element-710bd7d elementor-widget elementor-widget-spacer\" data-id=\"710bd7d\" data-element_type=\"widget\" data-widget_type=\"spacer.default\">\n\t\t\t\t<div class=\"elementor-widget-container\">\n\t\t\t\t\t<div class=\"elementor-spacer\">\n\t\t\t<div class=\"elementor-spacer-inner\"><\/div>\n\t\t<\/div>\n\t\t\t\t<\/div>\n\t\t\t\t<\/div>\n\t\t\t\t\t\t<\/div>\n\t\t\t\t\t<\/div>\n\t\t<\/div>\n\t\t\t\t\t\t\t\t<\/div>\n\t\t\t\t\t<\/div>\n\t\t<\/section>\n\t\t\t\t\t\t\t\t\t<\/div>\n\t\t\t<\/div>\n\t\t\t\t\t<\/div>\n\t\t","protected":false},"excerpt":{"rendered":"<p>Turismo cultural Conoce nuestros sitios tur\u00edsticos y culturales, dandole clic a cada logo. Gobernaci\u00f3n del Valle Alcald\u00eda de cali<\/p>\n","protected":false},"author":1,"featured_media":0,"parent":0,"menu_order":0,"comment_status":"closed","ping_status":"closed","template":"","meta":[],"_links":{"self":[{"href":"https:\/\/bellasartes.edu.co\/festivalruquitavelasco\/wp-json\/wp\/v2\/pages\/4001"}],"collection":[{"href":"https:\/\/bellasartes.edu.co\/festivalruquitavelasco\/wp-json\/wp\/v2\/pages"}],"about":[{"href":"https:\/\/bellasartes.edu.co\/festivalruquitavelasco\/wp-json\/wp\/v2\/types\/page"}],"author":[{"embeddable":true,"href":"https:\/\/bellasartes.edu.co\/festivalruquitavelasco\/wp-json\/wp\/v2\/users\/1"}],"replies":[{"embeddable":true,"href":"https:\/\/bellasartes.edu.co\/festivalruquitavelasco\/wp-json\/wp\/v2\/comments?post=4001"}],"version-history":[{"count":10,"href":"https:\/\/bellasartes.edu.co\/festivalruquitavelasco\/wp-json\/wp\/v2\/pages\/4001\/revisions"}],"predecessor-version":[{"id":4016,"href":"https:\/\/bellasartes.edu.co\/festivalruquitavelasco\/wp-json\/wp\/v2\/pages\/4001\/revisions\/4016"}],"wp:attachment":[{"href":"https:\/\/bellasartes.edu.co\/festivalruquitavelasco\/wp-json\/wp\/v2\/media?parent=4001"}],"curies":[{"name":"wp","href":"https:\/\/api.w.org\/{rel}","templated":true}]}}