{"id":5311,"date":"2022-10-26T10:42:50","date_gmt":"2022-10-26T15:42:50","guid":{"rendered":"https:\/\/bellasartes.edu.co\/festivalruquitavelasco\/?page_id=5311"},"modified":"2023-03-22T20:45:50","modified_gmt":"2023-03-23T01:45:50","slug":"cuarta-version-1995","status":"publish","type":"page","link":"https:\/\/bellasartes.edu.co\/festivalruquitavelasco\/cuarta-version-1995\/","title":{"rendered":"Cuarta Versi\u00f3n  1995"},"content":{"rendered":"\t\t<div data-elementor-type=\"wp-page\" data-elementor-id=\"5311\" class=\"elementor elementor-5311\">\n\t\t\t\t\t\t<div class=\"elementor-inner\">\n\t\t\t\t<div class=\"elementor-section-wrap\">\n\t\t\t\t\t\t\t\t\t<section class=\"elementor-section elementor-top-section elementor-element elementor-element-cab0632 elementor-section-boxed elementor-section-height-default elementor-section-height-default\" data-id=\"cab0632\" data-element_type=\"section\">\n\t\t\t\t\t\t<div class=\"elementor-container elementor-column-gap-default\">\n\t\t\t\t\t\t\t<div class=\"elementor-row\">\n\t\t\t\t\t<div class=\"elementor-column elementor-col-50 elementor-top-column elementor-element elementor-element-8c8c170\" data-id=\"8c8c170\" data-element_type=\"column\">\n\t\t\t<div class=\"elementor-column-wrap elementor-element-populated\">\n\t\t\t\t\t\t\t<div class=\"elementor-widget-wrap\">\n\t\t\t\t\t\t<div class=\"elementor-element elementor-element-abd2b50 elementor-widget elementor-widget-heading\" data-id=\"abd2b50\" data-element_type=\"widget\" data-widget_type=\"heading.default\">\n\t\t\t\t<div class=\"elementor-widget-container\">\n\t\t\t<h2 class=\"elementor-heading-title elementor-size-default\"><span style=\"font-size: 26px;\">Cuarta Versi\u00f3n  1995\n<\/span><\/h2>\t\t<\/div>\n\t\t\t\t<\/div>\n\t\t\t\t<div class=\"elementor-element elementor-element-1078dc7 elementor-widget elementor-widget-text-editor\" data-id=\"1078dc7\" data-element_type=\"widget\" data-widget_type=\"text-editor.default\">\n\t\t\t\t<div class=\"elementor-widget-container\">\n\t\t\t\t\t\t\t\t<div class=\"elementor-text-editor elementor-clearfix\">\n\t\t\t\t<p>Con la participaci\u00f3n de doce grupos locales, dos nacionales de Armenia y Pereira y uno internacional de Ecuador, esta versi\u00f3n se caracteriz\u00f3 por haber tenido tres sedes, Cali, Buenaventura y Tulu\u00e1 y por la institucionalizaci\u00f3n del reconocimiento: Teatrino Cocoliche a personas o entidades que promuevan o apoyen el teatro de T\u00edteres en el departamento del Valle del Cauca. Se trata de una r\u00e9plica del teatrino del primer grupo de T\u00edteres conformado en Cali, tallado por el maestro Hernando Tejada y donado a Titirindeba.&nbsp;<\/p>\t\t\t\t\t<\/div>\n\t\t\t\t\t\t<\/div>\n\t\t\t\t<\/div>\n\t\t\t\t<div class=\"elementor-element elementor-element-16fda41 elementor-widget elementor-widget-image\" data-id=\"16fda41\" data-element_type=\"widget\" data-widget_type=\"image.default\">\n\t\t\t\t<div class=\"elementor-widget-container\">\n\t\t\t\t\t\t\t\t<div class=\"elementor-image\">\n\t\t\t\t\t\t\t\t\t\t\t\t<img width=\"398\" height=\"311\" src=\"https:\/\/bellasartes.edu.co\/festivalruquitavelasco\/wp-content\/uploads\/2022\/10\/CUARTA-VERSIONa.jpg\" class=\"attachment-full size-full\" alt=\"\" loading=\"lazy\" srcset=\"https:\/\/bellasartes.edu.co\/festivalruquitavelasco\/wp-content\/uploads\/2022\/10\/CUARTA-VERSIONa.jpg 398w, https:\/\/bellasartes.edu.co\/festivalruquitavelasco\/wp-content\/uploads\/2022\/10\/CUARTA-VERSIONa-300x234.jpg 300w\" sizes=\"(max-width: 398px) 100vw, 398px\" \/>\t\t\t\t\t\t\t\t\t\t\t\t\t\t<\/div>\n\t\t\t\t\t\t<\/div>\n\t\t\t\t<\/div>\n\t\t\t\t\t\t<\/div>\n\t\t\t\t\t<\/div>\n\t\t<\/div>\n\t\t\t\t<div class=\"elementor-column elementor-col-50 elementor-top-column elementor-element elementor-element-eca62f1\" data-id=\"eca62f1\" data-element_type=\"column\">\n\t\t\t<div class=\"elementor-column-wrap elementor-element-populated\">\n\t\t\t\t\t\t\t<div class=\"elementor-widget-wrap\">\n\t\t\t\t\t\t<div class=\"elementor-element elementor-element-5f8ffa8 elementor-widget elementor-widget-image\" data-id=\"5f8ffa8\" data-element_type=\"widget\" data-widget_type=\"image.default\">\n\t\t\t\t<div class=\"elementor-widget-container\">\n\t\t\t\t\t\t\t\t<div class=\"elementor-image\">\n\t\t\t\t\t\t\t\t\t\t\t\t<img width=\"694\" height=\"1024\" src=\"https:\/\/bellasartes.edu.co\/festivalruquitavelasco\/wp-content\/uploads\/2023\/03\/v_4-694x1024.jpg\" class=\"attachment-large size-large\" alt=\"\" loading=\"lazy\" srcset=\"https:\/\/bellasartes.edu.co\/festivalruquitavelasco\/wp-content\/uploads\/2023\/03\/v_4-694x1024.jpg 694w, https:\/\/bellasartes.edu.co\/festivalruquitavelasco\/wp-content\/uploads\/2023\/03\/v_4-203x300.jpg 203w, https:\/\/bellasartes.edu.co\/festivalruquitavelasco\/wp-content\/uploads\/2023\/03\/v_4.jpg 756w\" sizes=\"(max-width: 694px) 100vw, 694px\" \/>\t\t\t\t\t\t\t\t\t\t\t\t\t\t<\/div>\n\t\t\t\t\t\t<\/div>\n\t\t\t\t<\/div>\n\t\t\t\t\t\t<\/div>\n\t\t\t\t\t<\/div>\n\t\t<\/div>\n\t\t\t\t\t\t\t\t<\/div>\n\t\t\t\t\t<\/div>\n\t\t<\/section>\n\t\t\t\t\t\t\t\t\t<\/div>\n\t\t\t<\/div>\n\t\t\t\t\t<\/div>\n\t\t","protected":false},"excerpt":{"rendered":"<p>Cuarta Versi\u00f3n 1995 Con la participaci\u00f3n de doce grupos locales, dos nacionales de Armenia y Pereira y uno internacional de Ecuador, esta versi\u00f3n se caracteriz\u00f3 por haber tenido tres sedes, Cali, Buenaventura y Tulu\u00e1 y por la institucionalizaci\u00f3n del reconocimiento: Teatrino Cocoliche a personas o entidades que promuevan o apoyen el teatro de T\u00edteres en el departamento del Valle del Cauca. Se trata de una r\u00e9plica del teatrino del primer grupo de T\u00edteres conformado en Cali, tallado por el maestro &#8230; <\/p>\n<p class=\"read-more-container\"><a title=\"Cuarta Versi\u00f3n  1995\" class=\"read-more button\" href=\"https:\/\/bellasartes.edu.co\/festivalruquitavelasco\/cuarta-version-1995\/#more-5311\" aria-label=\"M\u00e1s en Cuarta Versi\u00f3n  1995\">Read More<\/a><\/p>\n","protected":false},"author":1,"featured_media":0,"parent":0,"menu_order":0,"comment_status":"closed","ping_status":"closed","template":"","meta":[],"_links":{"self":[{"href":"https:\/\/bellasartes.edu.co\/festivalruquitavelasco\/wp-json\/wp\/v2\/pages\/5311"}],"collection":[{"href":"https:\/\/bellasartes.edu.co\/festivalruquitavelasco\/wp-json\/wp\/v2\/pages"}],"about":[{"href":"https:\/\/bellasartes.edu.co\/festivalruquitavelasco\/wp-json\/wp\/v2\/types\/page"}],"author":[{"embeddable":true,"href":"https:\/\/bellasartes.edu.co\/festivalruquitavelasco\/wp-json\/wp\/v2\/users\/1"}],"replies":[{"embeddable":true,"href":"https:\/\/bellasartes.edu.co\/festivalruquitavelasco\/wp-json\/wp\/v2\/comments?post=5311"}],"version-history":[{"count":5,"href":"https:\/\/bellasartes.edu.co\/festivalruquitavelasco\/wp-json\/wp\/v2\/pages\/5311\/revisions"}],"predecessor-version":[{"id":5880,"href":"https:\/\/bellasartes.edu.co\/festivalruquitavelasco\/wp-json\/wp\/v2\/pages\/5311\/revisions\/5880"}],"wp:attachment":[{"href":"https:\/\/bellasartes.edu.co\/festivalruquitavelasco\/wp-json\/wp\/v2\/media?parent=5311"}],"curies":[{"name":"wp","href":"https:\/\/api.w.org\/{rel}","templated":true}]}}