{"id":5382,"date":"2022-10-26T11:18:09","date_gmt":"2022-10-26T16:18:09","guid":{"rendered":"https:\/\/bellasartes.edu.co\/festivalruquitavelasco\/?page_id=5382"},"modified":"2022-10-26T11:35:46","modified_gmt":"2022-10-26T16:35:46","slug":"decimo-primera-version-2010","status":"publish","type":"page","link":"https:\/\/bellasartes.edu.co\/festivalruquitavelasco\/decimo-primera-version-2010\/","title":{"rendered":"D\u00e9cimo Primera Versi\u00f3n  2010"},"content":{"rendered":"\t\t<div data-elementor-type=\"wp-page\" data-elementor-id=\"5382\" class=\"elementor elementor-5382\">\n\t\t\t\t\t\t<div class=\"elementor-inner\">\n\t\t\t\t<div class=\"elementor-section-wrap\">\n\t\t\t\t\t\t\t\t\t<section class=\"elementor-section elementor-top-section elementor-element elementor-element-6846475 elementor-section-boxed elementor-section-height-default elementor-section-height-default\" data-id=\"6846475\" data-element_type=\"section\">\n\t\t\t\t\t\t<div class=\"elementor-container elementor-column-gap-default\">\n\t\t\t\t\t\t\t<div class=\"elementor-row\">\n\t\t\t\t\t<div class=\"elementor-column elementor-col-100 elementor-top-column elementor-element elementor-element-770c435\" data-id=\"770c435\" data-element_type=\"column\">\n\t\t\t<div class=\"elementor-column-wrap elementor-element-populated\">\n\t\t\t\t\t\t\t<div class=\"elementor-widget-wrap\">\n\t\t\t\t\t\t<section class=\"elementor-section elementor-inner-section elementor-element elementor-element-b77fc0d elementor-section-boxed elementor-section-height-default elementor-section-height-default\" data-id=\"b77fc0d\" data-element_type=\"section\">\n\t\t\t\t\t\t<div class=\"elementor-container elementor-column-gap-default\">\n\t\t\t\t\t\t\t<div class=\"elementor-row\">\n\t\t\t\t\t<div class=\"elementor-column elementor-col-50 elementor-inner-column elementor-element elementor-element-1aea4c0\" data-id=\"1aea4c0\" data-element_type=\"column\">\n\t\t\t<div class=\"elementor-column-wrap elementor-element-populated\">\n\t\t\t\t\t\t\t<div class=\"elementor-widget-wrap\">\n\t\t\t\t\t\t<div class=\"elementor-element elementor-element-0d50fec elementor-widget elementor-widget-heading\" data-id=\"0d50fec\" data-element_type=\"widget\" data-widget_type=\"heading.default\">\n\t\t\t\t<div class=\"elementor-widget-container\">\n\t\t\t<h2 class=\"elementor-heading-title elementor-size-default\"><span style=\"font-size: 26px;\">D\u00e9cimo Primera Versi\u00f3n  2010<\/span><\/h2>\t\t<\/div>\n\t\t\t\t<\/div>\n\t\t\t\t<div class=\"elementor-element elementor-element-24f5181 elementor-widget elementor-widget-text-editor\" data-id=\"24f5181\" data-element_type=\"widget\" data-widget_type=\"text-editor.default\">\n\t\t\t\t<div class=\"elementor-widget-container\">\n\t\t\t\t\t\t\t\t<div class=\"elementor-text-editor elementor-clearfix\">\n\t\t\t\t<p>\u201cUn Centenar de T\u00edteres para el Valle del Cauca\u201d fue el lema escogido en esta ocasi\u00f3n a prop\u00f3sito del centenario de la creaci\u00f3n del departamento. Se cont\u00f3 con agrupaciones provenientes de Argentina, Espa\u00f1a, Uruguay y Venezuela y por Colombia de Bogot\u00e1, Medell\u00edn, C\u00facuta, Armenia y Cali. El reconocimiento \u201cTeatrino Cocoliche\u201d le fue otorgado a La Asociaci\u00f3n de Teatro de T\u00edteres del Valle, Attiva.<\/p>\t\t\t\t\t<\/div>\n\t\t\t\t\t\t<\/div>\n\t\t\t\t<\/div>\n\t\t\t\t<div class=\"elementor-element elementor-element-86e28e6 elementor-widget elementor-widget-image\" data-id=\"86e28e6\" data-element_type=\"widget\" data-widget_type=\"image.default\">\n\t\t\t\t<div class=\"elementor-widget-container\">\n\t\t\t\t\t\t\t\t<div class=\"elementor-image\">\n\t\t\t\t\t\t\t\t\t\t\t\t<img width=\"567\" height=\"402\" src=\"https:\/\/bellasartes.edu.co\/festivalruquitavelasco\/wp-content\/uploads\/2022\/10\/DECIMA-PRIMERA-VERSION.jpg\" class=\"attachment-large size-large\" alt=\"\" loading=\"lazy\" srcset=\"https:\/\/bellasartes.edu.co\/festivalruquitavelasco\/wp-content\/uploads\/2022\/10\/DECIMA-PRIMERA-VERSION.jpg 567w, https:\/\/bellasartes.edu.co\/festivalruquitavelasco\/wp-content\/uploads\/2022\/10\/DECIMA-PRIMERA-VERSION-300x213.jpg 300w\" sizes=\"(max-width: 567px) 100vw, 567px\" \/>\t\t\t\t\t\t\t\t\t\t\t\t\t\t<\/div>\n\t\t\t\t\t\t<\/div>\n\t\t\t\t<\/div>\n\t\t\t\t\t\t<\/div>\n\t\t\t\t\t<\/div>\n\t\t<\/div>\n\t\t\t\t<div class=\"elementor-column elementor-col-50 elementor-inner-column elementor-element elementor-element-b1190f1\" data-id=\"b1190f1\" data-element_type=\"column\">\n\t\t\t<div class=\"elementor-column-wrap elementor-element-populated\">\n\t\t\t\t\t\t\t<div class=\"elementor-widget-wrap\">\n\t\t\t\t\t\t<div class=\"elementor-element elementor-element-01e5e5a elementor-widget elementor-widget-image\" data-id=\"01e5e5a\" data-element_type=\"widget\" data-widget_type=\"image.default\">\n\t\t\t\t<div class=\"elementor-widget-container\">\n\t\t\t\t\t\t\t\t<div class=\"elementor-image\">\n\t\t\t\t\t\t\t\t\t\t\t\t<img width=\"400\" height=\"622\" src=\"https:\/\/bellasartes.edu.co\/festivalruquitavelasco\/wp-content\/uploads\/2022\/10\/11_afiche.jpg\" class=\"attachment-large size-large\" alt=\"\" loading=\"lazy\" srcset=\"https:\/\/bellasartes.edu.co\/festivalruquitavelasco\/wp-content\/uploads\/2022\/10\/11_afiche.jpg 400w, https:\/\/bellasartes.edu.co\/festivalruquitavelasco\/wp-content\/uploads\/2022\/10\/11_afiche-193x300.jpg 193w\" sizes=\"(max-width: 400px) 100vw, 400px\" \/>\t\t\t\t\t\t\t\t\t\t\t\t\t\t<\/div>\n\t\t\t\t\t\t<\/div>\n\t\t\t\t<\/div>\n\t\t\t\t\t\t<\/div>\n\t\t\t\t\t<\/div>\n\t\t<\/div>\n\t\t\t\t\t\t\t\t<\/div>\n\t\t\t\t\t<\/div>\n\t\t<\/section>\n\t\t\t\t\t\t<\/div>\n\t\t\t\t\t<\/div>\n\t\t<\/div>\n\t\t\t\t\t\t\t\t<\/div>\n\t\t\t\t\t<\/div>\n\t\t<\/section>\n\t\t\t\t\t\t\t\t\t<\/div>\n\t\t\t<\/div>\n\t\t\t\t\t<\/div>\n\t\t","protected":false},"excerpt":{"rendered":"<p>D\u00e9cimo Primera Versi\u00f3n 2010 \u201cUn Centenar de T\u00edteres para el Valle del Cauca\u201d fue el lema escogido en esta ocasi\u00f3n a prop\u00f3sito del centenario de la creaci\u00f3n del departamento. Se cont\u00f3 con agrupaciones provenientes de Argentina, Espa\u00f1a, Uruguay y Venezuela y por Colombia de Bogot\u00e1, Medell\u00edn, C\u00facuta, Armenia y Cali. El reconocimiento \u201cTeatrino Cocoliche\u201d le fue otorgado a La Asociaci\u00f3n de Teatro de T\u00edteres del Valle, Attiva.<\/p>\n","protected":false},"author":1,"featured_media":0,"parent":0,"menu_order":0,"comment_status":"closed","ping_status":"closed","template":"","meta":[],"_links":{"self":[{"href":"https:\/\/bellasartes.edu.co\/festivalruquitavelasco\/wp-json\/wp\/v2\/pages\/5382"}],"collection":[{"href":"https:\/\/bellasartes.edu.co\/festivalruquitavelasco\/wp-json\/wp\/v2\/pages"}],"about":[{"href":"https:\/\/bellasartes.edu.co\/festivalruquitavelasco\/wp-json\/wp\/v2\/types\/page"}],"author":[{"embeddable":true,"href":"https:\/\/bellasartes.edu.co\/festivalruquitavelasco\/wp-json\/wp\/v2\/users\/1"}],"replies":[{"embeddable":true,"href":"https:\/\/bellasartes.edu.co\/festivalruquitavelasco\/wp-json\/wp\/v2\/comments?post=5382"}],"version-history":[{"count":5,"href":"https:\/\/bellasartes.edu.co\/festivalruquitavelasco\/wp-json\/wp\/v2\/pages\/5382\/revisions"}],"predecessor-version":[{"id":5397,"href":"https:\/\/bellasartes.edu.co\/festivalruquitavelasco\/wp-json\/wp\/v2\/pages\/5382\/revisions\/5397"}],"wp:attachment":[{"href":"https:\/\/bellasartes.edu.co\/festivalruquitavelasco\/wp-json\/wp\/v2\/media?parent=5382"}],"curies":[{"name":"wp","href":"https:\/\/api.w.org\/{rel}","templated":true}]}}