{"id":5408,"date":"2022-10-26T11:59:11","date_gmt":"2022-10-26T16:59:11","guid":{"rendered":"https:\/\/bellasartes.edu.co\/festivalruquitavelasco\/?page_id=5408"},"modified":"2022-10-26T12:03:35","modified_gmt":"2022-10-26T17:03:35","slug":"decimo-tercera-version-2014","status":"publish","type":"page","link":"https:\/\/bellasartes.edu.co\/festivalruquitavelasco\/decimo-tercera-version-2014\/","title":{"rendered":"D\u00e9cimo Tercera Versi\u00f3n 2014"},"content":{"rendered":"\t\t<div data-elementor-type=\"wp-page\" data-elementor-id=\"5408\" class=\"elementor elementor-5408\">\n\t\t\t\t\t\t<div class=\"elementor-inner\">\n\t\t\t\t<div class=\"elementor-section-wrap\">\n\t\t\t\t\t\t\t\t\t<section class=\"elementor-section elementor-top-section elementor-element elementor-element-4288cc2 elementor-section-boxed elementor-section-height-default elementor-section-height-default\" data-id=\"4288cc2\" data-element_type=\"section\">\n\t\t\t\t\t\t<div class=\"elementor-container elementor-column-gap-default\">\n\t\t\t\t\t\t\t<div class=\"elementor-row\">\n\t\t\t\t\t<div class=\"elementor-column elementor-col-100 elementor-top-column elementor-element elementor-element-060ce09\" data-id=\"060ce09\" data-element_type=\"column\">\n\t\t\t<div class=\"elementor-column-wrap elementor-element-populated\">\n\t\t\t\t\t\t\t<div class=\"elementor-widget-wrap\">\n\t\t\t\t\t\t<section class=\"elementor-section elementor-inner-section elementor-element elementor-element-c7dd643 elementor-section-boxed elementor-section-height-default elementor-section-height-default\" data-id=\"c7dd643\" data-element_type=\"section\">\n\t\t\t\t\t\t<div class=\"elementor-container elementor-column-gap-default\">\n\t\t\t\t\t\t\t<div class=\"elementor-row\">\n\t\t\t\t\t<div class=\"elementor-column elementor-col-50 elementor-inner-column elementor-element elementor-element-6da2c2e\" data-id=\"6da2c2e\" data-element_type=\"column\">\n\t\t\t<div class=\"elementor-column-wrap elementor-element-populated\">\n\t\t\t\t\t\t\t<div class=\"elementor-widget-wrap\">\n\t\t\t\t\t\t<div class=\"elementor-element elementor-element-b5fabcd elementor-widget elementor-widget-heading\" data-id=\"b5fabcd\" data-element_type=\"widget\" data-widget_type=\"heading.default\">\n\t\t\t\t<div class=\"elementor-widget-container\">\n\t\t\t<h2 class=\"elementor-heading-title elementor-size-default\"><span style=\"font-size: 26px;\">D\u00e9cimo Tercera Versi\u00f3n 2014<\/span><\/h2>\t\t<\/div>\n\t\t\t\t<\/div>\n\t\t\t\t<div class=\"elementor-element elementor-element-ef2bedf elementor-widget elementor-widget-text-editor\" data-id=\"ef2bedf\" data-element_type=\"widget\" data-widget_type=\"text-editor.default\">\n\t\t\t\t<div class=\"elementor-widget-container\">\n\t\t\t\t\t\t\t\t<div class=\"elementor-text-editor elementor-clearfix\">\n\t\t\t\t<p>\u201cVeintis\u00e9is a\u00f1os entregando Sue\u00f1os y Sonrisas\u201d en esta versi\u00f3n participaron de Espa\u00f1a y Argentina, nacionales de Bogota y Medellin y los locales. El reconocimiento \u201cTeatrino Cocoliche\u201d se le otorg\u00f3 a la Fundaci\u00f3n Cultural Actores de Cart\u00f3n de la ciudad de Palmira.<\/p>\t\t\t\t\t<\/div>\n\t\t\t\t\t\t<\/div>\n\t\t\t\t<\/div>\n\t\t\t\t<div class=\"elementor-element elementor-element-282d1d9 elementor-widget elementor-widget-image\" data-id=\"282d1d9\" data-element_type=\"widget\" data-widget_type=\"image.default\">\n\t\t\t\t<div class=\"elementor-widget-container\">\n\t\t\t\t\t\t\t\t<div class=\"elementor-image\">\n\t\t\t\t\t\t\t\t\t\t\t\t<img width=\"646\" height=\"392\" src=\"https:\/\/bellasartes.edu.co\/festivalruquitavelasco\/wp-content\/uploads\/2022\/10\/DECIMA-TERCERA-VERSIONa.jpg\" class=\"attachment-large size-large\" alt=\"\" loading=\"lazy\" srcset=\"https:\/\/bellasartes.edu.co\/festivalruquitavelasco\/wp-content\/uploads\/2022\/10\/DECIMA-TERCERA-VERSIONa.jpg 646w, https:\/\/bellasartes.edu.co\/festivalruquitavelasco\/wp-content\/uploads\/2022\/10\/DECIMA-TERCERA-VERSIONa-300x182.jpg 300w\" sizes=\"(max-width: 646px) 100vw, 646px\" \/>\t\t\t\t\t\t\t\t\t\t\t\t\t\t<\/div>\n\t\t\t\t\t\t<\/div>\n\t\t\t\t<\/div>\n\t\t\t\t\t\t<\/div>\n\t\t\t\t\t<\/div>\n\t\t<\/div>\n\t\t\t\t<div class=\"elementor-column elementor-col-50 elementor-inner-column elementor-element elementor-element-6186ee8\" data-id=\"6186ee8\" data-element_type=\"column\">\n\t\t\t<div class=\"elementor-column-wrap elementor-element-populated\">\n\t\t\t\t\t\t\t<div class=\"elementor-widget-wrap\">\n\t\t\t\t\t\t<div class=\"elementor-element elementor-element-b59fdce elementor-widget elementor-widget-image\" data-id=\"b59fdce\" data-element_type=\"widget\" data-widget_type=\"image.default\">\n\t\t\t\t<div class=\"elementor-widget-container\">\n\t\t\t\t\t\t\t\t<div class=\"elementor-image\">\n\t\t\t\t\t\t\t\t\t\t\t\t<img width=\"546\" height=\"864\" src=\"https:\/\/bellasartes.edu.co\/festivalruquitavelasco\/wp-content\/uploads\/2022\/10\/13_afiche.jpg\" class=\"attachment-large size-large\" alt=\"\" loading=\"lazy\" srcset=\"https:\/\/bellasartes.edu.co\/festivalruquitavelasco\/wp-content\/uploads\/2022\/10\/13_afiche.jpg 546w, https:\/\/bellasartes.edu.co\/festivalruquitavelasco\/wp-content\/uploads\/2022\/10\/13_afiche-190x300.jpg 190w\" sizes=\"(max-width: 546px) 100vw, 546px\" \/>\t\t\t\t\t\t\t\t\t\t\t\t\t\t<\/div>\n\t\t\t\t\t\t<\/div>\n\t\t\t\t<\/div>\n\t\t\t\t\t\t<\/div>\n\t\t\t\t\t<\/div>\n\t\t<\/div>\n\t\t\t\t\t\t\t\t<\/div>\n\t\t\t\t\t<\/div>\n\t\t<\/section>\n\t\t\t\t\t\t<\/div>\n\t\t\t\t\t<\/div>\n\t\t<\/div>\n\t\t\t\t\t\t\t\t<\/div>\n\t\t\t\t\t<\/div>\n\t\t<\/section>\n\t\t\t\t\t\t\t\t\t<\/div>\n\t\t\t<\/div>\n\t\t\t\t\t<\/div>\n\t\t","protected":false},"excerpt":{"rendered":"<p>D\u00e9cimo Tercera Versi\u00f3n 2014 \u201cVeintis\u00e9is a\u00f1os entregando Sue\u00f1os y Sonrisas\u201d en esta versi\u00f3n participaron de Espa\u00f1a y Argentina, nacionales de Bogota y Medellin y los locales. El reconocimiento \u201cTeatrino Cocoliche\u201d se le otorg\u00f3 a la Fundaci\u00f3n Cultural Actores de Cart\u00f3n de la ciudad de Palmira.<\/p>\n","protected":false},"author":1,"featured_media":0,"parent":0,"menu_order":0,"comment_status":"closed","ping_status":"closed","template":"","meta":[],"_links":{"self":[{"href":"https:\/\/bellasartes.edu.co\/festivalruquitavelasco\/wp-json\/wp\/v2\/pages\/5408"}],"collection":[{"href":"https:\/\/bellasartes.edu.co\/festivalruquitavelasco\/wp-json\/wp\/v2\/pages"}],"about":[{"href":"https:\/\/bellasartes.edu.co\/festivalruquitavelasco\/wp-json\/wp\/v2\/types\/page"}],"author":[{"embeddable":true,"href":"https:\/\/bellasartes.edu.co\/festivalruquitavelasco\/wp-json\/wp\/v2\/users\/1"}],"replies":[{"embeddable":true,"href":"https:\/\/bellasartes.edu.co\/festivalruquitavelasco\/wp-json\/wp\/v2\/comments?post=5408"}],"version-history":[{"count":5,"href":"https:\/\/bellasartes.edu.co\/festivalruquitavelasco\/wp-json\/wp\/v2\/pages\/5408\/revisions"}],"predecessor-version":[{"id":5423,"href":"https:\/\/bellasartes.edu.co\/festivalruquitavelasco\/wp-json\/wp\/v2\/pages\/5408\/revisions\/5423"}],"wp:attachment":[{"href":"https:\/\/bellasartes.edu.co\/festivalruquitavelasco\/wp-json\/wp\/v2\/media?parent=5408"}],"curies":[{"name":"wp","href":"https:\/\/api.w.org\/{rel}","templated":true}]}}