{"id":5424,"date":"2022-10-26T12:04:23","date_gmt":"2022-10-26T17:04:23","guid":{"rendered":"https:\/\/bellasartes.edu.co\/festivalruquitavelasco\/?page_id=5424"},"modified":"2022-10-26T12:05:44","modified_gmt":"2022-10-26T17:05:44","slug":"decimo-cuarta-version-2016","status":"publish","type":"page","link":"https:\/\/bellasartes.edu.co\/festivalruquitavelasco\/decimo-cuarta-version-2016\/","title":{"rendered":"D\u00e9cimo Cuarta Versi\u00f3n 2016"},"content":{"rendered":"\t\t<div data-elementor-type=\"wp-page\" data-elementor-id=\"5424\" class=\"elementor elementor-5424\">\n\t\t\t\t\t\t<div class=\"elementor-inner\">\n\t\t\t\t<div class=\"elementor-section-wrap\">\n\t\t\t\t\t\t\t\t\t<section class=\"elementor-section elementor-top-section elementor-element elementor-element-6aa4eba elementor-section-boxed elementor-section-height-default elementor-section-height-default\" data-id=\"6aa4eba\" data-element_type=\"section\">\n\t\t\t\t\t\t<div class=\"elementor-container elementor-column-gap-default\">\n\t\t\t\t\t\t\t<div class=\"elementor-row\">\n\t\t\t\t\t<div class=\"elementor-column elementor-col-100 elementor-top-column elementor-element elementor-element-7e8c34d\" data-id=\"7e8c34d\" data-element_type=\"column\">\n\t\t\t<div class=\"elementor-column-wrap elementor-element-populated\">\n\t\t\t\t\t\t\t<div class=\"elementor-widget-wrap\">\n\t\t\t\t\t\t<section class=\"elementor-section elementor-inner-section elementor-element elementor-element-2cbea46 elementor-section-boxed elementor-section-height-default elementor-section-height-default\" data-id=\"2cbea46\" data-element_type=\"section\">\n\t\t\t\t\t\t<div class=\"elementor-container elementor-column-gap-default\">\n\t\t\t\t\t\t\t<div class=\"elementor-row\">\n\t\t\t\t\t<div class=\"elementor-column elementor-col-50 elementor-inner-column elementor-element elementor-element-b15bb5f\" data-id=\"b15bb5f\" data-element_type=\"column\">\n\t\t\t<div class=\"elementor-column-wrap elementor-element-populated\">\n\t\t\t\t\t\t\t<div class=\"elementor-widget-wrap\">\n\t\t\t\t\t\t<div class=\"elementor-element elementor-element-e169437 elementor-widget elementor-widget-heading\" data-id=\"e169437\" data-element_type=\"widget\" data-widget_type=\"heading.default\">\n\t\t\t\t<div class=\"elementor-widget-container\">\n\t\t\t<h2 class=\"elementor-heading-title elementor-size-default\"><span style=\"font-size: 26px;\">D\u00e9cimo Cuarta Versi\u00f3n 2016<\/span><\/h2>\t\t<\/div>\n\t\t\t\t<\/div>\n\t\t\t\t<div class=\"elementor-element elementor-element-395a941 elementor-widget elementor-widget-text-editor\" data-id=\"395a941\" data-element_type=\"widget\" data-widget_type=\"text-editor.default\">\n\t\t\t\t<div class=\"elementor-widget-container\">\n\t\t\t\t\t\t\t\t<div class=\"elementor-text-editor elementor-clearfix\">\n\t\t\t\t<p>\u201cTiteres en un Valle Pazifico\u201d se realiz\u00f3 con la participaci\u00f3n de grupos de Guatemala, M\u00e9xico, Espa\u00f1a, Bogot\u00e1, Medell\u00edn y los locales. Por primera vez se logr\u00f3 llegar a la mayor cantidad de municipios del departamento en la monta\u00f1a, el mar y la planicie. El reconocimiento \u201cTeatrino Cocoliche\u201d se le otorg\u00f3 al Maestro Jos\u00e9 Reinel Osorio Torres del Grupo Castillo Sol y Luna.\u00a0<\/p>\t\t\t\t\t<\/div>\n\t\t\t\t\t\t<\/div>\n\t\t\t\t<\/div>\n\t\t\t\t\t\t<\/div>\n\t\t\t\t\t<\/div>\n\t\t<\/div>\n\t\t\t\t<div class=\"elementor-column elementor-col-50 elementor-inner-column elementor-element elementor-element-a84a168\" data-id=\"a84a168\" data-element_type=\"column\">\n\t\t\t<div class=\"elementor-column-wrap elementor-element-populated\">\n\t\t\t\t\t\t\t<div class=\"elementor-widget-wrap\">\n\t\t\t\t\t\t<div class=\"elementor-element elementor-element-2e5bad9 elementor-widget elementor-widget-image\" data-id=\"2e5bad9\" data-element_type=\"widget\" data-widget_type=\"image.default\">\n\t\t\t\t<div class=\"elementor-widget-container\">\n\t\t\t\t\t\t\t\t<div class=\"elementor-image\">\n\t\t\t\t\t\t\t\t\t\t\t\t<img width=\"791\" height=\"1024\" src=\"https:\/\/bellasartes.edu.co\/festivalruquitavelasco\/wp-content\/uploads\/2022\/10\/ruquita_14_-791x1024.jpg\" class=\"attachment-large size-large\" alt=\"\" loading=\"lazy\" srcset=\"https:\/\/bellasartes.edu.co\/festivalruquitavelasco\/wp-content\/uploads\/2022\/10\/ruquita_14_-791x1024.jpg 791w, https:\/\/bellasartes.edu.co\/festivalruquitavelasco\/wp-content\/uploads\/2022\/10\/ruquita_14_-232x300.jpg 232w, https:\/\/bellasartes.edu.co\/festivalruquitavelasco\/wp-content\/uploads\/2022\/10\/ruquita_14_-768x994.jpg 768w, https:\/\/bellasartes.edu.co\/festivalruquitavelasco\/wp-content\/uploads\/2022\/10\/ruquita_14_-1187x1536.jpg 1187w, https:\/\/bellasartes.edu.co\/festivalruquitavelasco\/wp-content\/uploads\/2022\/10\/ruquita_14_-1583x2048.jpg 1583w, https:\/\/bellasartes.edu.co\/festivalruquitavelasco\/wp-content\/uploads\/2022\/10\/ruquita_14_-scaled.jpg 1978w\" sizes=\"(max-width: 791px) 100vw, 791px\" \/>\t\t\t\t\t\t\t\t\t\t\t\t\t\t<\/div>\n\t\t\t\t\t\t<\/div>\n\t\t\t\t<\/div>\n\t\t\t\t\t\t<\/div>\n\t\t\t\t\t<\/div>\n\t\t<\/div>\n\t\t\t\t\t\t\t\t<\/div>\n\t\t\t\t\t<\/div>\n\t\t<\/section>\n\t\t\t\t\t\t<\/div>\n\t\t\t\t\t<\/div>\n\t\t<\/div>\n\t\t\t\t\t\t\t\t<\/div>\n\t\t\t\t\t<\/div>\n\t\t<\/section>\n\t\t\t\t\t\t\t\t\t<\/div>\n\t\t\t<\/div>\n\t\t\t\t\t<\/div>\n\t\t","protected":false},"excerpt":{"rendered":"<p>D\u00e9cimo Cuarta Versi\u00f3n 2016 \u201cTiteres en un Valle Pazifico\u201d se realiz\u00f3 con la participaci\u00f3n de grupos de Guatemala, M\u00e9xico, Espa\u00f1a, Bogot\u00e1, Medell\u00edn y los locales. Por primera vez se logr\u00f3 llegar a la mayor cantidad de municipios del departamento en la monta\u00f1a, el mar y la planicie. El reconocimiento \u201cTeatrino Cocoliche\u201d se le otorg\u00f3 al Maestro Jos\u00e9 Reinel Osorio Torres del Grupo Castillo Sol y Luna.\u00a0<\/p>\n","protected":false},"author":1,"featured_media":0,"parent":0,"menu_order":0,"comment_status":"closed","ping_status":"closed","template":"","meta":[],"_links":{"self":[{"href":"https:\/\/bellasartes.edu.co\/festivalruquitavelasco\/wp-json\/wp\/v2\/pages\/5424"}],"collection":[{"href":"https:\/\/bellasartes.edu.co\/festivalruquitavelasco\/wp-json\/wp\/v2\/pages"}],"about":[{"href":"https:\/\/bellasartes.edu.co\/festivalruquitavelasco\/wp-json\/wp\/v2\/types\/page"}],"author":[{"embeddable":true,"href":"https:\/\/bellasartes.edu.co\/festivalruquitavelasco\/wp-json\/wp\/v2\/users\/1"}],"replies":[{"embeddable":true,"href":"https:\/\/bellasartes.edu.co\/festivalruquitavelasco\/wp-json\/wp\/v2\/comments?post=5424"}],"version-history":[{"count":4,"href":"https:\/\/bellasartes.edu.co\/festivalruquitavelasco\/wp-json\/wp\/v2\/pages\/5424\/revisions"}],"predecessor-version":[{"id":5429,"href":"https:\/\/bellasartes.edu.co\/festivalruquitavelasco\/wp-json\/wp\/v2\/pages\/5424\/revisions\/5429"}],"wp:attachment":[{"href":"https:\/\/bellasartes.edu.co\/festivalruquitavelasco\/wp-json\/wp\/v2\/media?parent=5424"}],"curies":[{"name":"wp","href":"https:\/\/api.w.org\/{rel}","templated":true}]}}