{"id":5445,"date":"2022-10-26T12:11:54","date_gmt":"2022-10-26T17:11:54","guid":{"rendered":"https:\/\/bellasartes.edu.co\/festivalruquitavelasco\/?page_id=5445"},"modified":"2022-10-26T12:14:19","modified_gmt":"2022-10-26T17:14:19","slug":"decimo-sexto-festival-2020","status":"publish","type":"page","link":"https:\/\/bellasartes.edu.co\/festivalruquitavelasco\/decimo-sexto-festival-2020\/","title":{"rendered":"D\u00e9cimo Sexto Festival 2020"},"content":{"rendered":"\t\t<div data-elementor-type=\"wp-page\" data-elementor-id=\"5445\" class=\"elementor elementor-5445\">\n\t\t\t\t\t\t<div class=\"elementor-inner\">\n\t\t\t\t<div class=\"elementor-section-wrap\">\n\t\t\t\t\t\t\t\t\t<section class=\"elementor-section elementor-top-section elementor-element elementor-element-ace6f1a elementor-section-boxed elementor-section-height-default elementor-section-height-default\" data-id=\"ace6f1a\" data-element_type=\"section\">\n\t\t\t\t\t\t<div class=\"elementor-container elementor-column-gap-default\">\n\t\t\t\t\t\t\t<div class=\"elementor-row\">\n\t\t\t\t\t<div class=\"elementor-column elementor-col-100 elementor-top-column elementor-element elementor-element-7334e93\" data-id=\"7334e93\" data-element_type=\"column\">\n\t\t\t<div class=\"elementor-column-wrap elementor-element-populated\">\n\t\t\t\t\t\t\t<div class=\"elementor-widget-wrap\">\n\t\t\t\t\t\t<section class=\"elementor-section elementor-inner-section elementor-element elementor-element-f1505fe elementor-section-boxed elementor-section-height-default elementor-section-height-default\" data-id=\"f1505fe\" data-element_type=\"section\">\n\t\t\t\t\t\t<div class=\"elementor-container elementor-column-gap-default\">\n\t\t\t\t\t\t\t<div class=\"elementor-row\">\n\t\t\t\t\t<div class=\"elementor-column elementor-col-50 elementor-inner-column elementor-element elementor-element-81077a0\" data-id=\"81077a0\" data-element_type=\"column\">\n\t\t\t<div class=\"elementor-column-wrap elementor-element-populated\">\n\t\t\t\t\t\t\t<div class=\"elementor-widget-wrap\">\n\t\t\t\t\t\t<div class=\"elementor-element elementor-element-7502846 elementor-widget elementor-widget-heading\" data-id=\"7502846\" data-element_type=\"widget\" data-widget_type=\"heading.default\">\n\t\t\t\t<div class=\"elementor-widget-container\">\n\t\t\t<h2 class=\"elementor-heading-title elementor-size-default\"><span style=\"font-size: 26px;\">D\u00e9cimo Sexto Festival 2020<\/span><\/h2>\t\t<\/div>\n\t\t\t\t<\/div>\n\t\t\t\t<div class=\"elementor-element elementor-element-66d0a3d elementor-widget elementor-widget-text-editor\" data-id=\"66d0a3d\" data-element_type=\"widget\" data-widget_type=\"text-editor.default\">\n\t\t\t\t<div class=\"elementor-widget-container\">\n\t\t\t\t\t\t\t\t<div class=\"elementor-text-editor elementor-clearfix\">\n\t\t\t\t<p>La pandemia del Covid 19 que transform\u00f3 el mundo entero oblig\u00f3 a realizar esta versi\u00f3n en formato virtual, es por ello que con el lema \u201cLa Fantas\u00eda a un Click de tus Manos\u201d fueron nuestra redes sociales las encargadas de llevar los espect\u00e1culos locales, nacionales de Medell\u00edn y Bogot\u00e1 e internacionales de Francia, Canad\u00e1, directamente a los hogares de nuestros fieles y nuevos espectadores, fue la gran oportunidad para internacionalizar el evento. El premio \u201cTeatrino Cocoliche\u201d le fue otorgado a la Fundaci\u00f3n Teatral Madretierra.<\/p>\t\t\t\t\t<\/div>\n\t\t\t\t\t\t<\/div>\n\t\t\t\t<\/div>\n\t\t\t\t<div class=\"elementor-element elementor-element-24d5423 elementor-widget elementor-widget-image\" data-id=\"24d5423\" data-element_type=\"widget\" data-widget_type=\"image.default\">\n\t\t\t\t<div class=\"elementor-widget-container\">\n\t\t\t\t\t\t\t\t<div class=\"elementor-image\">\n\t\t\t\t\t\t\t\t\t\t\t\t<img width=\"840\" height=\"560\" src=\"https:\/\/bellasartes.edu.co\/festivalruquitavelasco\/wp-content\/uploads\/2022\/10\/DECIMA-SEXTA-VERSION.jpg\" class=\"attachment-large size-large\" alt=\"\" loading=\"lazy\" srcset=\"https:\/\/bellasartes.edu.co\/festivalruquitavelasco\/wp-content\/uploads\/2022\/10\/DECIMA-SEXTA-VERSION.jpg 840w, https:\/\/bellasartes.edu.co\/festivalruquitavelasco\/wp-content\/uploads\/2022\/10\/DECIMA-SEXTA-VERSION-300x200.jpg 300w, https:\/\/bellasartes.edu.co\/festivalruquitavelasco\/wp-content\/uploads\/2022\/10\/DECIMA-SEXTA-VERSION-768x512.jpg 768w, https:\/\/bellasartes.edu.co\/festivalruquitavelasco\/wp-content\/uploads\/2022\/10\/DECIMA-SEXTA-VERSION-391x260.jpg 391w\" sizes=\"(max-width: 840px) 100vw, 840px\" \/>\t\t\t\t\t\t\t\t\t\t\t\t\t\t<\/div>\n\t\t\t\t\t\t<\/div>\n\t\t\t\t<\/div>\n\t\t\t\t\t\t<\/div>\n\t\t\t\t\t<\/div>\n\t\t<\/div>\n\t\t\t\t<div class=\"elementor-column elementor-col-50 elementor-inner-column elementor-element elementor-element-27e264c\" data-id=\"27e264c\" data-element_type=\"column\">\n\t\t\t<div class=\"elementor-column-wrap elementor-element-populated\">\n\t\t\t\t\t\t\t<div class=\"elementor-widget-wrap\">\n\t\t\t\t\t\t<div class=\"elementor-element elementor-element-45612fa elementor-widget elementor-widget-image\" data-id=\"45612fa\" data-element_type=\"widget\" data-widget_type=\"image.default\">\n\t\t\t\t<div class=\"elementor-widget-container\">\n\t\t\t\t\t\t\t\t<div class=\"elementor-image\">\n\t\t\t\t\t\t\t\t\t\t\t\t<img width=\"2250\" height=\"2250\" src=\"https:\/\/bellasartes.edu.co\/festivalruquitavelasco\/wp-content\/uploads\/2022\/10\/16_afiche.jpg\" class=\"attachment-full size-full\" alt=\"\" loading=\"lazy\" srcset=\"https:\/\/bellasartes.edu.co\/festivalruquitavelasco\/wp-content\/uploads\/2022\/10\/16_afiche.jpg 2250w, https:\/\/bellasartes.edu.co\/festivalruquitavelasco\/wp-content\/uploads\/2022\/10\/16_afiche-300x300.jpg 300w, https:\/\/bellasartes.edu.co\/festivalruquitavelasco\/wp-content\/uploads\/2022\/10\/16_afiche-1024x1024.jpg 1024w, https:\/\/bellasartes.edu.co\/festivalruquitavelasco\/wp-content\/uploads\/2022\/10\/16_afiche-150x150.jpg 150w, https:\/\/bellasartes.edu.co\/festivalruquitavelasco\/wp-content\/uploads\/2022\/10\/16_afiche-768x768.jpg 768w, https:\/\/bellasartes.edu.co\/festivalruquitavelasco\/wp-content\/uploads\/2022\/10\/16_afiche-1536x1536.jpg 1536w, https:\/\/bellasartes.edu.co\/festivalruquitavelasco\/wp-content\/uploads\/2022\/10\/16_afiche-2048x2048.jpg 2048w\" sizes=\"(max-width: 2250px) 100vw, 2250px\" \/>\t\t\t\t\t\t\t\t\t\t\t\t\t\t<\/div>\n\t\t\t\t\t\t<\/div>\n\t\t\t\t<\/div>\n\t\t\t\t\t\t<\/div>\n\t\t\t\t\t<\/div>\n\t\t<\/div>\n\t\t\t\t\t\t\t\t<\/div>\n\t\t\t\t\t<\/div>\n\t\t<\/section>\n\t\t\t\t\t\t<\/div>\n\t\t\t\t\t<\/div>\n\t\t<\/div>\n\t\t\t\t\t\t\t\t<\/div>\n\t\t\t\t\t<\/div>\n\t\t<\/section>\n\t\t\t\t\t\t\t\t\t<\/div>\n\t\t\t<\/div>\n\t\t\t\t\t<\/div>\n\t\t","protected":false},"excerpt":{"rendered":"<p>D\u00e9cimo Sexto Festival 2020 La pandemia del Covid 19 que transform\u00f3 el mundo entero oblig\u00f3 a realizar esta versi\u00f3n en formato virtual, es por ello que con el lema \u201cLa Fantas\u00eda a un Click de tus Manos\u201d fueron nuestra redes sociales las encargadas de llevar los espect\u00e1culos locales, nacionales de Medell\u00edn y Bogot\u00e1 e internacionales de Francia, Canad\u00e1, directamente a los hogares de nuestros fieles y nuevos espectadores, fue la gran oportunidad para internacionalizar el evento. El premio \u201cTeatrino Cocoliche\u201d &#8230; <\/p>\n<p class=\"read-more-container\"><a title=\"D\u00e9cimo Sexto Festival 2020\" class=\"read-more button\" href=\"https:\/\/bellasartes.edu.co\/festivalruquitavelasco\/decimo-sexto-festival-2020\/#more-5445\" aria-label=\"M\u00e1s en D\u00e9cimo Sexto Festival 2020\">Read More<\/a><\/p>\n","protected":false},"author":1,"featured_media":0,"parent":0,"menu_order":0,"comment_status":"closed","ping_status":"closed","template":"","meta":[],"_links":{"self":[{"href":"https:\/\/bellasartes.edu.co\/festivalruquitavelasco\/wp-json\/wp\/v2\/pages\/5445"}],"collection":[{"href":"https:\/\/bellasartes.edu.co\/festivalruquitavelasco\/wp-json\/wp\/v2\/pages"}],"about":[{"href":"https:\/\/bellasartes.edu.co\/festivalruquitavelasco\/wp-json\/wp\/v2\/types\/page"}],"author":[{"embeddable":true,"href":"https:\/\/bellasartes.edu.co\/festivalruquitavelasco\/wp-json\/wp\/v2\/users\/1"}],"replies":[{"embeddable":true,"href":"https:\/\/bellasartes.edu.co\/festivalruquitavelasco\/wp-json\/wp\/v2\/comments?post=5445"}],"version-history":[{"count":5,"href":"https:\/\/bellasartes.edu.co\/festivalruquitavelasco\/wp-json\/wp\/v2\/pages\/5445\/revisions"}],"predecessor-version":[{"id":5454,"href":"https:\/\/bellasartes.edu.co\/festivalruquitavelasco\/wp-json\/wp\/v2\/pages\/5445\/revisions\/5454"}],"wp:attachment":[{"href":"https:\/\/bellasartes.edu.co\/festivalruquitavelasco\/wp-json\/wp\/v2\/media?parent=5445"}],"curies":[{"name":"wp","href":"https:\/\/api.w.org\/{rel}","templated":true}]}}