{"id":6744,"date":"2026-02-13T18:22:59","date_gmt":"2026-02-13T23:22:59","guid":{"rendered":"https:\/\/bellasartes.edu.co\/festivalruquitavelasco\/?page_id=6744"},"modified":"2026-02-16T17:28:59","modified_gmt":"2026-02-16T22:28:59","slug":"decimo-septimo-festival","status":"publish","type":"page","link":"https:\/\/bellasartes.edu.co\/festivalruquitavelasco\/decimo-septimo-festival\/","title":{"rendered":"D\u00e9cimo septimo festival"},"content":{"rendered":"\t\t<div data-elementor-type=\"wp-page\" data-elementor-id=\"6744\" class=\"elementor elementor-6744\">\n\t\t\t\t\t\t<div class=\"elementor-inner\">\n\t\t\t\t<div class=\"elementor-section-wrap\">\n\t\t\t\t\t\t\t\t\t<section class=\"elementor-section elementor-top-section elementor-element elementor-element-12daeea6 elementor-section-boxed elementor-section-height-default elementor-section-height-default\" data-id=\"12daeea6\" data-element_type=\"section\">\n\t\t\t\t\t\t<div class=\"elementor-container elementor-column-gap-default\">\n\t\t\t\t\t\t\t<div class=\"elementor-row\">\n\t\t\t\t\t<div class=\"elementor-column elementor-col-100 elementor-top-column elementor-element elementor-element-7b323a80\" data-id=\"7b323a80\" data-element_type=\"column\">\n\t\t\t<div class=\"elementor-column-wrap elementor-element-populated\">\n\t\t\t\t\t\t\t<div class=\"elementor-widget-wrap\">\n\t\t\t\t\t\t<div class=\"elementor-element elementor-element-25b3ce79 elementor-widget elementor-widget-text-editor\" data-id=\"25b3ce79\" data-element_type=\"widget\" data-widget_type=\"text-editor.default\">\n\t\t\t\t<div class=\"elementor-widget-container\">\n\t\t\t\t\t\t\t\t<div class=\"elementor-text-editor elementor-clearfix\">\n\t\t\t\t<p><!-- wp:paragraph --><\/p>\n<h2 style=\"font-family: 'IBM Plex Sans', sans-serif; font-style: normal; font-weight: 600; color: #c9261d;\">D\u00e9cimo Septimo Festival 2022<\/h2>\n<p><!-- \/wp:paragraph --><\/p>\t\t\t\t\t<\/div>\n\t\t\t\t\t\t<\/div>\n\t\t\t\t<\/div>\n\t\t\t\t\t\t<\/div>\n\t\t\t\t\t<\/div>\n\t\t<\/div>\n\t\t\t\t\t\t\t\t<\/div>\n\t\t\t\t\t<\/div>\n\t\t<\/section>\n\t\t\t\t<section class=\"elementor-section elementor-top-section elementor-element elementor-element-cc09878 elementor-section-boxed elementor-section-height-default elementor-section-height-default\" data-id=\"cc09878\" data-element_type=\"section\">\n\t\t\t\t\t\t<div class=\"elementor-container elementor-column-gap-default\">\n\t\t\t\t\t\t\t<div class=\"elementor-row\">\n\t\t\t\t\t<div class=\"elementor-column elementor-col-50 elementor-top-column elementor-element elementor-element-cdfc7c7\" data-id=\"cdfc7c7\" data-element_type=\"column\">\n\t\t\t<div class=\"elementor-column-wrap elementor-element-populated\">\n\t\t\t\t\t\t\t<div class=\"elementor-widget-wrap\">\n\t\t\t\t\t\t<div class=\"elementor-element elementor-element-df2ee7c elementor-widget elementor-widget-image\" data-id=\"df2ee7c\" data-element_type=\"widget\" data-widget_type=\"image.default\">\n\t\t\t\t<div class=\"elementor-widget-container\">\n\t\t\t\t\t\t\t\t<div class=\"elementor-image\">\n\t\t\t\t\t\t\t\t\t\t\t\t<img src=\"https:\/\/bellasartes.edu.co\/festivalruquitavelasco\/wp-content\/uploads\/elementor\/thumbs\/AFICHE-2022-rj46kz7j03px8cd7v15smz4h00zkvo2ck6ss4bn776.png\" title=\"AFICHE 2022\" alt=\"AFICHE 2022\" \/>\t\t\t\t\t\t\t\t\t\t\t\t\t\t<\/div>\n\t\t\t\t\t\t<\/div>\n\t\t\t\t<\/div>\n\t\t\t\t\t\t<\/div>\n\t\t\t\t\t<\/div>\n\t\t<\/div>\n\t\t\t\t<div class=\"elementor-column elementor-col-50 elementor-top-column elementor-element elementor-element-0a6a3e7\" data-id=\"0a6a3e7\" data-element_type=\"column\">\n\t\t\t<div class=\"elementor-column-wrap elementor-element-populated\">\n\t\t\t\t\t\t\t<div class=\"elementor-widget-wrap\">\n\t\t\t\t\t\t<div class=\"elementor-element elementor-element-f1286ef elementor-widget elementor-widget-text-editor\" data-id=\"f1286ef\" data-element_type=\"widget\" data-widget_type=\"text-editor.default\">\n\t\t\t\t<div class=\"elementor-widget-container\">\n\t\t\t\t\t\t\t\t<div class=\"elementor-text-editor elementor-clearfix\">\n\t\t\t\t<p data-start=\"72\" data-end=\"469\"><strong data-start=\"75\" data-end=\"144\">XVII Festival de Teatro de T\u00edteres Ruquita Velasco \u2013 Bellas Artes Cali<\/strong><\/p>\n<p data-start=\"72\" data-end=\"469\"><strong><em>Es un encuentro con la imaginaci\u00f3n, la creatividad y la memoria viva del arte titiritero. <\/em><\/strong><\/p>\n<p data-start=\"72\" data-end=\"469\">En esta edici\u00f3n, el festival reafirma su compromiso con la formaci\u00f3n de p\u00fablicos, la circulaci\u00f3n art\u00edstica y el intercambio cultural, consolid\u00e1ndose como uno de los espacios m\u00e1s significativos para el teatro de t\u00edteres en la regi\u00f3n.<\/p>\n<p data-start=\"471\" data-end=\"772\">Con grupos invitados de <strong data-start=\"477\" data-end=\"510\">Colombia, M\u00e9xico, Cuba y Per\u00fa<\/strong>, las historias cruzan fronteras para encontrarse en un mismo escenario.<\/p>\n<p data-start=\"471\" data-end=\"772\">* Cinco grupos locales, que representan el talento y la tradici\u00f3n del Valle del Cauca.<\/p>\n<p data-start=\"471\" data-end=\"772\">* Cinco grupos nacionales, que traen propuestas innovadoras desde distintos territorios de Colombia.<\/p>\n<p data-start=\"471\" data-end=\"772\">* Cinco grupos internacionales, que enriquecen el festival con miradas, t\u00e9cnicas y lenguajes diversos.<\/p>\n<p data-start=\"471\" data-end=\"772\">Es as\u00ed como&nbsp; el Instituto Departamental de Bellas Artes con su Festival, tejen un mapa de voces, colores y acentos que dialogan entre tradici\u00f3n e innovaci\u00f3n, entre lo ancestral y lo contempor\u00e1neo.<\/p>\t\t\t\t\t<\/div>\n\t\t\t\t\t\t<\/div>\n\t\t\t\t<\/div>\n\t\t\t\t\t\t<\/div>\n\t\t\t\t\t<\/div>\n\t\t<\/div>\n\t\t\t\t\t\t\t\t<\/div>\n\t\t\t\t\t<\/div>\n\t\t<\/section>\n\t\t\t\t<section class=\"elementor-section elementor-top-section elementor-element elementor-element-4f187ab elementor-section-boxed elementor-section-height-default elementor-section-height-default\" data-id=\"4f187ab\" data-element_type=\"section\">\n\t\t\t\t\t\t<div class=\"elementor-container elementor-column-gap-default\">\n\t\t\t\t\t\t\t<div class=\"elementor-row\">\n\t\t\t\t\t<div class=\"elementor-column elementor-col-33 elementor-top-column elementor-element elementor-element-6cc4d6f\" data-id=\"6cc4d6f\" data-element_type=\"column\">\n\t\t\t<div class=\"elementor-column-wrap elementor-element-populated\">\n\t\t\t\t\t\t\t<div class=\"elementor-widget-wrap\">\n\t\t\t\t\t\t<div class=\"elementor-element elementor-element-1215ca5 elementor-widget elementor-widget-image\" data-id=\"1215ca5\" data-element_type=\"widget\" data-widget_type=\"image.default\">\n\t\t\t\t<div class=\"elementor-widget-container\">\n\t\t\t\t\t\t\t\t<div class=\"elementor-image\">\n\t\t\t\t\t\t\t\t\t\t\t\t<img width=\"1024\" height=\"771\" src=\"https:\/\/bellasartes.edu.co\/festivalruquitavelasco\/wp-content\/uploads\/2026\/02\/IMG_20221021_103626-1024x771.jpg\" class=\"attachment-large size-large\" alt=\"\" loading=\"lazy\" srcset=\"https:\/\/bellasartes.edu.co\/festivalruquitavelasco\/wp-content\/uploads\/2026\/02\/IMG_20221021_103626-1024x771.jpg 1024w, https:\/\/bellasartes.edu.co\/festivalruquitavelasco\/wp-content\/uploads\/2026\/02\/IMG_20221021_103626-300x226.jpg 300w, https:\/\/bellasartes.edu.co\/festivalruquitavelasco\/wp-content\/uploads\/2026\/02\/IMG_20221021_103626-768x578.jpg 768w, https:\/\/bellasartes.edu.co\/festivalruquitavelasco\/wp-content\/uploads\/2026\/02\/IMG_20221021_103626-1536x1157.jpg 1536w, https:\/\/bellasartes.edu.co\/festivalruquitavelasco\/wp-content\/uploads\/2026\/02\/IMG_20221021_103626-2048x1542.jpg 2048w\" sizes=\"(max-width: 1024px) 100vw, 1024px\" \/>\t\t\t\t\t\t\t\t\t\t\t\t\t\t<\/div>\n\t\t\t\t\t\t<\/div>\n\t\t\t\t<\/div>\n\t\t\t\t\t\t<\/div>\n\t\t\t\t\t<\/div>\n\t\t<\/div>\n\t\t\t\t<div class=\"elementor-column elementor-col-33 elementor-top-column elementor-element elementor-element-237c04a\" data-id=\"237c04a\" data-element_type=\"column\">\n\t\t\t<div class=\"elementor-column-wrap elementor-element-populated\">\n\t\t\t\t\t\t\t<div class=\"elementor-widget-wrap\">\n\t\t\t\t\t\t<div class=\"elementor-element elementor-element-92138e1 elementor-align-center elementor-widget elementor-widget-button\" data-id=\"92138e1\" data-element_type=\"widget\" data-widget_type=\"button.default\">\n\t\t\t\t<div class=\"elementor-widget-container\">\n\t\t\t\t\t<div class=\"elementor-button-wrapper\">\n\t\t\t<a href=\"#\" class=\"elementor-button-link elementor-button elementor-size-sm\" role=\"button\">\n\t\t\t\t\t\t<span class=\"elementor-button-content-wrapper\">\n\t\t\t\t\t\t<span class=\"elementor-button-text\">Memorias del Festival<\/span>\n\t\t<\/span>\n\t\t\t\t\t<\/a>\n\t\t<\/div>\n\t\t\t\t<\/div>\n\t\t\t\t<\/div>\n\t\t\t\t\t\t<\/div>\n\t\t\t\t\t<\/div>\n\t\t<\/div>\n\t\t\t\t<div class=\"elementor-column elementor-col-33 elementor-top-column elementor-element elementor-element-1b85d9b\" data-id=\"1b85d9b\" data-element_type=\"column\">\n\t\t\t<div class=\"elementor-column-wrap elementor-element-populated\">\n\t\t\t\t\t\t\t<div class=\"elementor-widget-wrap\">\n\t\t\t\t\t\t<div class=\"elementor-element elementor-element-3a267df elementor-widget elementor-widget-image\" data-id=\"3a267df\" data-element_type=\"widget\" data-widget_type=\"image.default\">\n\t\t\t\t<div class=\"elementor-widget-container\">\n\t\t\t\t\t\t\t\t<div class=\"elementor-image\">\n\t\t\t\t\t\t\t\t\t\t\t\t<img width=\"1024\" height=\"768\" src=\"https:\/\/bellasartes.edu.co\/festivalruquitavelasco\/wp-content\/uploads\/2026\/02\/20221025_161718-1024x768.jpg\" class=\"attachment-large size-large\" alt=\"\" loading=\"lazy\" srcset=\"https:\/\/bellasartes.edu.co\/festivalruquitavelasco\/wp-content\/uploads\/2026\/02\/20221025_161718-1024x768.jpg 1024w, https:\/\/bellasartes.edu.co\/festivalruquitavelasco\/wp-content\/uploads\/2026\/02\/20221025_161718-300x225.jpg 300w, https:\/\/bellasartes.edu.co\/festivalruquitavelasco\/wp-content\/uploads\/2026\/02\/20221025_161718-768x576.jpg 768w, https:\/\/bellasartes.edu.co\/festivalruquitavelasco\/wp-content\/uploads\/2026\/02\/20221025_161718-1536x1152.jpg 1536w, https:\/\/bellasartes.edu.co\/festivalruquitavelasco\/wp-content\/uploads\/2026\/02\/20221025_161718-2048x1536.jpg 2048w\" sizes=\"(max-width: 1024px) 100vw, 1024px\" \/>\t\t\t\t\t\t\t\t\t\t\t\t\t\t<\/div>\n\t\t\t\t\t\t<\/div>\n\t\t\t\t<\/div>\n\t\t\t\t\t\t<\/div>\n\t\t\t\t\t<\/div>\n\t\t<\/div>\n\t\t\t\t\t\t\t\t<\/div>\n\t\t\t\t\t<\/div>\n\t\t<\/section>\n\t\t\t\t\t\t\t\t\t<\/div>\n\t\t\t<\/div>\n\t\t\t\t\t<\/div>\n\t\t","protected":false},"excerpt":{"rendered":"<p>D\u00e9cimo Septimo Festival 2022 XVII Festival de Teatro de T\u00edteres Ruquita Velasco \u2013 Bellas Artes Cali Es un encuentro con la imaginaci\u00f3n, la creatividad y la memoria viva del arte titiritero. En esta edici\u00f3n, el festival reafirma su compromiso con la formaci\u00f3n de p\u00fablicos, la circulaci\u00f3n art\u00edstica y el intercambio cultural, consolid\u00e1ndose como uno de los espacios m\u00e1s significativos para el teatro de t\u00edteres en la regi\u00f3n. Con grupos invitados de Colombia, M\u00e9xico, Cuba y Per\u00fa, las historias cruzan fronteras &#8230; <\/p>\n<p class=\"read-more-container\"><a title=\"D\u00e9cimo septimo festival\" class=\"read-more button\" href=\"https:\/\/bellasartes.edu.co\/festivalruquitavelasco\/decimo-septimo-festival\/#more-6744\" aria-label=\"M\u00e1s en D\u00e9cimo septimo festival\">Read More<\/a><\/p>\n","protected":false},"author":1,"featured_media":0,"parent":0,"menu_order":0,"comment_status":"closed","ping_status":"closed","template":"","meta":[],"_links":{"self":[{"href":"https:\/\/bellasartes.edu.co\/festivalruquitavelasco\/wp-json\/wp\/v2\/pages\/6744"}],"collection":[{"href":"https:\/\/bellasartes.edu.co\/festivalruquitavelasco\/wp-json\/wp\/v2\/pages"}],"about":[{"href":"https:\/\/bellasartes.edu.co\/festivalruquitavelasco\/wp-json\/wp\/v2\/types\/page"}],"author":[{"embeddable":true,"href":"https:\/\/bellasartes.edu.co\/festivalruquitavelasco\/wp-json\/wp\/v2\/users\/1"}],"replies":[{"embeddable":true,"href":"https:\/\/bellasartes.edu.co\/festivalruquitavelasco\/wp-json\/wp\/v2\/comments?post=6744"}],"version-history":[{"count":5,"href":"https:\/\/bellasartes.edu.co\/festivalruquitavelasco\/wp-json\/wp\/v2\/pages\/6744\/revisions"}],"predecessor-version":[{"id":6796,"href":"https:\/\/bellasartes.edu.co\/festivalruquitavelasco\/wp-json\/wp\/v2\/pages\/6744\/revisions\/6796"}],"wp:attachment":[{"href":"https:\/\/bellasartes.edu.co\/festivalruquitavelasco\/wp-json\/wp\/v2\/media?parent=6744"}],"curies":[{"name":"wp","href":"https:\/\/api.w.org\/{rel}","templated":true}]}}