{"id":6797,"date":"2026-02-16T17:31:23","date_gmt":"2026-02-16T22:31:23","guid":{"rendered":"https:\/\/bellasartes.edu.co\/festivalruquitavelasco\/?page_id=6797"},"modified":"2026-02-16T18:21:39","modified_gmt":"2026-02-16T23:21:39","slug":"decimo-octavo-festival-2024","status":"publish","type":"page","link":"https:\/\/bellasartes.edu.co\/festivalruquitavelasco\/decimo-octavo-festival-2024\/","title":{"rendered":"D\u00e9cimo octavo festival 2024"},"content":{"rendered":"\t\t<div data-elementor-type=\"wp-page\" data-elementor-id=\"6797\" class=\"elementor elementor-6797\">\n\t\t\t\t\t\t<div class=\"elementor-inner\">\n\t\t\t\t<div class=\"elementor-section-wrap\">\n\t\t\t\t\t\t\t\t\t<section class=\"elementor-section elementor-top-section elementor-element elementor-element-ac99739 elementor-section-boxed elementor-section-height-default elementor-section-height-default\" data-id=\"ac99739\" data-element_type=\"section\">\n\t\t\t\t\t\t<div class=\"elementor-container elementor-column-gap-default\">\n\t\t\t\t\t\t\t<div class=\"elementor-row\">\n\t\t\t\t\t<div class=\"elementor-column elementor-col-50 elementor-top-column elementor-element elementor-element-22cd347\" data-id=\"22cd347\" data-element_type=\"column\">\n\t\t\t<div class=\"elementor-column-wrap elementor-element-populated\">\n\t\t\t\t\t\t\t<div class=\"elementor-widget-wrap\">\n\t\t\t\t\t\t<div class=\"elementor-element elementor-element-ff90632 elementor-widget elementor-widget-image\" data-id=\"ff90632\" data-element_type=\"widget\" data-widget_type=\"image.default\">\n\t\t\t\t<div class=\"elementor-widget-container\">\n\t\t\t\t\t\t\t\t<div class=\"elementor-image\">\n\t\t\t\t\t\t\t\t\t\t\t\t<img width=\"717\" height=\"1024\" src=\"https:\/\/bellasartes.edu.co\/festivalruquitavelasco\/wp-content\/uploads\/2026\/02\/CARTEL-RUQUITA_50x35cm_page-0001-717x1024.jpg\" class=\"attachment-large size-large\" alt=\"\" loading=\"lazy\" srcset=\"https:\/\/bellasartes.edu.co\/festivalruquitavelasco\/wp-content\/uploads\/2026\/02\/CARTEL-RUQUITA_50x35cm_page-0001-717x1024.jpg 717w, https:\/\/bellasartes.edu.co\/festivalruquitavelasco\/wp-content\/uploads\/2026\/02\/CARTEL-RUQUITA_50x35cm_page-0001-210x300.jpg 210w, https:\/\/bellasartes.edu.co\/festivalruquitavelasco\/wp-content\/uploads\/2026\/02\/CARTEL-RUQUITA_50x35cm_page-0001-768x1097.jpg 768w, https:\/\/bellasartes.edu.co\/festivalruquitavelasco\/wp-content\/uploads\/2026\/02\/CARTEL-RUQUITA_50x35cm_page-0001-1075x1536.jpg 1075w, https:\/\/bellasartes.edu.co\/festivalruquitavelasco\/wp-content\/uploads\/2026\/02\/CARTEL-RUQUITA_50x35cm_page-0001-1434x2048.jpg 1434w, https:\/\/bellasartes.edu.co\/festivalruquitavelasco\/wp-content\/uploads\/2026\/02\/CARTEL-RUQUITA_50x35cm_page-0001-scaled.jpg 1792w\" sizes=\"(max-width: 717px) 100vw, 717px\" \/>\t\t\t\t\t\t\t\t\t\t\t\t\t\t<\/div>\n\t\t\t\t\t\t<\/div>\n\t\t\t\t<\/div>\n\t\t\t\t\t\t<\/div>\n\t\t\t\t\t<\/div>\n\t\t<\/div>\n\t\t\t\t<div class=\"elementor-column elementor-col-50 elementor-top-column elementor-element elementor-element-849d81f\" data-id=\"849d81f\" data-element_type=\"column\">\n\t\t\t<div class=\"elementor-column-wrap elementor-element-populated\">\n\t\t\t\t\t\t\t<div class=\"elementor-widget-wrap\">\n\t\t\t\t\t\t<div class=\"elementor-element elementor-element-aaff5b4 elementor-widget elementor-widget-text-editor\" data-id=\"aaff5b4\" data-element_type=\"widget\" data-widget_type=\"text-editor.default\">\n\t\t\t\t<div class=\"elementor-widget-container\">\n\t\t\t\t\t\t\t\t<div class=\"elementor-text-editor elementor-clearfix\">\n\t\t\t\t<p data-start=\"96\" data-end=\"164\">\u00a0<span style=\"color: #7a7a7a; font-family: 'IBM Plex Sans', sans-serif; font-size: 16px; text-transform: none;\">El Instituto Departamental de Bellas Artes Entidad Universitaria celebr\u00f3 con \u00e9xito la d\u00e9cima octava versi\u00f3n del <\/span><strong style=\"color: #7a7a7a; font-family: 'IBM Plex Sans', sans-serif; font-size: 16px; text-transform: none;\" data-start=\"312\" data-end=\"374\">Festival de Teatro de T\u00edteres Ruquita Velasco Bellas Artes<\/strong><span style=\"color: #7a7a7a; font-family: 'IBM Plex Sans', sans-serif; font-size: 16px; text-transform: none;\">, un evento que durante 36 a\u00f1os ha consolidado un espacio fundamental para el fortalecimiento del arte titiritero en el Valle del Cauca.<\/span><\/p><p data-start=\"512\" data-end=\"826\">Este Festival naci\u00f3 por iniciativa de la maestra <strong data-start=\"561\" data-end=\"581\">Ana Ruth Velasco<\/strong>, con el prop\u00f3sito de integrar a los grupos de t\u00edteres de la regi\u00f3n. En 2003, tras su fallecimiento, el Consejo Directivo de Bellas Artes decidi\u00f3 rendir homenaje a su legado dando al evento el nombre que hoy lo identifica y que honra su memoria.<\/p><p data-start=\"828\" data-end=\"1153\">En esta versi\u00f3n, desarrollada desde el 18 de octubre bajo el lema <strong data-start=\"894\" data-end=\"928\">\u201cTejiendo un Valle de Colores\u201d<\/strong>, el Festival reafirm\u00f3 su compromiso con la educaci\u00f3n, la cultura y la construcci\u00f3n de convivencia pac\u00edfica a trav\u00e9s del teatro de t\u00edteres, reconoci\u00e9ndolo como una expresi\u00f3n art\u00edstica de alto valor t\u00e9cnico, est\u00e9tico y social.<\/p><h2 data-start=\"1155\" data-end=\"1201\">Un festival que recorri\u00f3 el Valle del Cauca<\/h2><p data-start=\"1203\" data-end=\"1227\">La programaci\u00f3n incluy\u00f3:<\/p><ul data-start=\"1229\" data-end=\"1325\"><li data-start=\"1229\" data-end=\"1247\"><p data-start=\"1231\" data-end=\"1247\">5 conferencias<\/p><\/li><li data-start=\"1248\" data-end=\"1273\"><p data-start=\"1250\" data-end=\"1273\">5 talleres formativos<\/p><\/li><li data-start=\"1274\" data-end=\"1290\"><p data-start=\"1276\" data-end=\"1290\">1 exposici\u00f3n<\/p><\/li><li data-start=\"1291\" data-end=\"1325\"><p data-start=\"1293\" data-end=\"1325\">M\u00e1s de 30 funciones art\u00edsticas<\/p><\/li><\/ul><p data-start=\"1327\" data-end=\"1538\">\u00a0<\/p>\t\t\t\t\t<\/div>\n\t\t\t\t\t\t<\/div>\n\t\t\t\t<\/div>\n\t\t\t\t\t\t<\/div>\n\t\t\t\t\t<\/div>\n\t\t<\/div>\n\t\t\t\t\t\t\t\t<\/div>\n\t\t\t\t\t<\/div>\n\t\t<\/section>\n\t\t\t\t<section class=\"elementor-section elementor-top-section elementor-element elementor-element-782dda0 elementor-section-boxed elementor-section-height-default elementor-section-height-default\" data-id=\"782dda0\" data-element_type=\"section\">\n\t\t\t\t\t\t<div class=\"elementor-container elementor-column-gap-default\">\n\t\t\t\t\t\t\t<div class=\"elementor-row\">\n\t\t\t\t\t<div class=\"elementor-column elementor-col-33 elementor-top-column elementor-element elementor-element-068deec\" data-id=\"068deec\" data-element_type=\"column\">\n\t\t\t<div class=\"elementor-column-wrap elementor-element-populated\">\n\t\t\t\t\t\t\t<div class=\"elementor-widget-wrap\">\n\t\t\t\t\t\t<div class=\"elementor-element elementor-element-0483678 elementor-widget elementor-widget-text-editor\" data-id=\"0483678\" data-element_type=\"widget\" data-widget_type=\"text-editor.default\">\n\t\t\t\t<div class=\"elementor-widget-container\">\n\t\t\t\t\t\t\t\t<div class=\"elementor-text-editor elementor-clearfix\">\n\t\t\t\t<p data-start=\"1327\" data-end=\"1538\">Grupos provenientes de\u00a0<span style=\"font-weight: bold;\" data-start=\"1350\" data-end=\"1375\">Argentina, Per\u00fa, Cuba<\/span>\u00a0y distintas regiones de Colombia como\u00a0<span style=\"font-weight: bold;\" data-start=\"1414\" data-end=\"1488\">Bogot\u00e1, Medell\u00edn, San Jos\u00e9 del Guaviare, Santander de Quilichao y Cali<\/span>\u00a0hicieron parte de esta gran celebraci\u00f3n cultural.<\/p><p data-start=\"1540\" data-end=\"1900\">Las actividades se desarrollaron en\u00a0<span style=\"font-weight: bold;\" data-start=\"1576\" data-end=\"1661\">teatros, instituciones educativas, salas culturales, plazas, hospitales y parques<\/span>, permitiendo que el Festival llegara a\u00a0<span style=\"font-weight: bold;\" data-start=\"1701\" data-end=\"1738\">25 municipios del Valle del Cauca<\/span>\u00a0y beneficiara a m\u00e1s de\u00a0<span style=\"font-weight: bold;\" data-start=\"1762\" data-end=\"1786\">10.000 ni\u00f1os y ni\u00f1as<\/span>, quienes encontraron en el teatro de t\u00edteres un espacio de encuentro, reconocimiento y respeto por la diversidad.<\/p>\t\t\t\t\t<\/div>\n\t\t\t\t\t\t<\/div>\n\t\t\t\t<\/div>\n\t\t\t\t\t\t<\/div>\n\t\t\t\t\t<\/div>\n\t\t<\/div>\n\t\t\t\t<div class=\"elementor-column elementor-col-33 elementor-top-column elementor-element elementor-element-660b39f\" data-id=\"660b39f\" data-element_type=\"column\">\n\t\t\t<div class=\"elementor-column-wrap elementor-element-populated\">\n\t\t\t\t\t\t\t<div class=\"elementor-widget-wrap\">\n\t\t\t\t\t\t<div class=\"elementor-element elementor-element-eb75722 elementor-widget elementor-widget-image\" data-id=\"eb75722\" data-element_type=\"widget\" data-widget_type=\"image.default\">\n\t\t\t\t<div class=\"elementor-widget-container\">\n\t\t\t\t\t\t\t\t<div class=\"elementor-image\">\n\t\t\t\t\t\t\t\t\t\t\t\t<img width=\"1024\" height=\"1024\" src=\"https:\/\/bellasartes.edu.co\/festivalruquitavelasco\/wp-content\/uploads\/2024\/10\/9-1-1024x1024.png\" class=\"attachment-large size-large\" alt=\"\" loading=\"lazy\" srcset=\"https:\/\/bellasartes.edu.co\/festivalruquitavelasco\/wp-content\/uploads\/2024\/10\/9-1-1024x1024.png 1024w, https:\/\/bellasartes.edu.co\/festivalruquitavelasco\/wp-content\/uploads\/2024\/10\/9-1-300x300.png 300w, https:\/\/bellasartes.edu.co\/festivalruquitavelasco\/wp-content\/uploads\/2024\/10\/9-1-150x150.png 150w, https:\/\/bellasartes.edu.co\/festivalruquitavelasco\/wp-content\/uploads\/2024\/10\/9-1-768x768.png 768w, https:\/\/bellasartes.edu.co\/festivalruquitavelasco\/wp-content\/uploads\/2024\/10\/9-1.png 1436w\" sizes=\"(max-width: 1024px) 100vw, 1024px\" \/>\t\t\t\t\t\t\t\t\t\t\t\t\t\t<\/div>\n\t\t\t\t\t\t<\/div>\n\t\t\t\t<\/div>\n\t\t\t\t\t\t<\/div>\n\t\t\t\t\t<\/div>\n\t\t<\/div>\n\t\t\t\t<div class=\"elementor-column elementor-col-33 elementor-top-column elementor-element elementor-element-9cd3055\" data-id=\"9cd3055\" data-element_type=\"column\">\n\t\t\t<div class=\"elementor-column-wrap elementor-element-populated\">\n\t\t\t\t\t\t\t<div class=\"elementor-widget-wrap\">\n\t\t\t\t\t\t<div class=\"elementor-element elementor-element-043388e elementor-widget elementor-widget-text-editor\" data-id=\"043388e\" data-element_type=\"widget\" data-widget_type=\"text-editor.default\">\n\t\t\t\t<div class=\"elementor-widget-container\">\n\t\t\t\t\t\t\t\t<div class=\"elementor-text-editor elementor-clearfix\">\n\t\t\t\t<h2 style=\"font-style: normal;\" data-start=\"1902\" data-end=\"1942\"><span style=\"font-weight: bold;\">Reconocimiento al patrimonio cultural<\/span><\/h2><p data-start=\"1944\" data-end=\"2333\">En coherencia con el principio de que el patrimonio es un activo de la memoria viva, el Festival hizo entrega del reconocimiento\u00a0<span style=\"font-weight: bold;\" data-start=\"2073\" data-end=\"2097\">Teatrino \u201cCocoliche\u201d<\/span>, r\u00e9plica en madera tallada por el maestro Hernando Tejada. En esta edici\u00f3n, el homenaje fue otorgado a la\u00a0<span style=\"font-weight: bold;\" data-start=\"2204\" data-end=\"2253\">Biblioteca Departamental Jorge Garc\u00e9s Borrero<\/span>, por su apoyo y promoci\u00f3n constante del arte de los t\u00edteres en el departamento.<\/p>\t\t\t\t\t<\/div>\n\t\t\t\t\t\t<\/div>\n\t\t\t\t<\/div>\n\t\t\t\t\t\t<\/div>\n\t\t\t\t\t<\/div>\n\t\t<\/div>\n\t\t\t\t\t\t\t\t<\/div>\n\t\t\t\t\t<\/div>\n\t\t<\/section>\n\t\t\t\t<section class=\"elementor-section elementor-top-section elementor-element elementor-element-eb7591d elementor-section-boxed elementor-section-height-default elementor-section-height-default\" data-id=\"eb7591d\" data-element_type=\"section\">\n\t\t\t\t\t\t<div class=\"elementor-container elementor-column-gap-default\">\n\t\t\t\t\t\t\t<div class=\"elementor-row\">\n\t\t\t\t\t<div class=\"elementor-column elementor-col-33 elementor-top-column elementor-element elementor-element-f138996\" data-id=\"f138996\" data-element_type=\"column\">\n\t\t\t<div class=\"elementor-column-wrap elementor-element-populated\">\n\t\t\t\t\t\t\t<div class=\"elementor-widget-wrap\">\n\t\t\t\t\t\t<div class=\"elementor-element elementor-element-c346128 elementor-widget elementor-widget-image\" data-id=\"c346128\" data-element_type=\"widget\" data-widget_type=\"image.default\">\n\t\t\t\t<div class=\"elementor-widget-container\">\n\t\t\t\t\t\t\t\t<div class=\"elementor-image\">\n\t\t\t\t\t\t\t\t\t\t\t\t<img width=\"1024\" height=\"1024\" src=\"https:\/\/bellasartes.edu.co\/festivalruquitavelasco\/wp-content\/uploads\/2024\/10\/11-1-1024x1024.png\" class=\"attachment-large size-large\" alt=\"\" loading=\"lazy\" srcset=\"https:\/\/bellasartes.edu.co\/festivalruquitavelasco\/wp-content\/uploads\/2024\/10\/11-1-1024x1024.png 1024w, https:\/\/bellasartes.edu.co\/festivalruquitavelasco\/wp-content\/uploads\/2024\/10\/11-1-300x300.png 300w, https:\/\/bellasartes.edu.co\/festivalruquitavelasco\/wp-content\/uploads\/2024\/10\/11-1-150x150.png 150w, https:\/\/bellasartes.edu.co\/festivalruquitavelasco\/wp-content\/uploads\/2024\/10\/11-1-768x768.png 768w, https:\/\/bellasartes.edu.co\/festivalruquitavelasco\/wp-content\/uploads\/2024\/10\/11-1.png 1436w\" sizes=\"(max-width: 1024px) 100vw, 1024px\" \/>\t\t\t\t\t\t\t\t\t\t\t\t\t\t<\/div>\n\t\t\t\t\t\t<\/div>\n\t\t\t\t<\/div>\n\t\t\t\t\t\t<\/div>\n\t\t\t\t\t<\/div>\n\t\t<\/div>\n\t\t\t\t<div class=\"elementor-column elementor-col-33 elementor-top-column elementor-element elementor-element-00e2cda\" data-id=\"00e2cda\" data-element_type=\"column\">\n\t\t\t<div class=\"elementor-column-wrap elementor-element-populated\">\n\t\t\t\t\t\t\t<div class=\"elementor-widget-wrap\">\n\t\t\t\t\t\t<div class=\"elementor-element elementor-element-f02a6d6 elementor-aspect-ratio-169 elementor-widget elementor-widget-video\" data-id=\"f02a6d6\" data-element_type=\"widget\" data-settings=\"{&quot;youtube_url&quot;:&quot;https:\\\/\\\/youtu.be\\\/Ui4c9kXzEJ8&quot;,&quot;video_type&quot;:&quot;youtube&quot;,&quot;controls&quot;:&quot;yes&quot;,&quot;aspect_ratio&quot;:&quot;169&quot;}\" data-widget_type=\"video.default\">\n\t\t\t\t<div class=\"elementor-widget-container\">\n\t\t\t\t\t<div class=\"elementor-wrapper elementor-fit-aspect-ratio elementor-open-inline\">\n\t\t\t<div class=\"elementor-video\"><\/div>\t\t<\/div>\n\t\t\t\t<\/div>\n\t\t\t\t<\/div>\n\t\t\t\t\t\t<\/div>\n\t\t\t\t\t<\/div>\n\t\t<\/div>\n\t\t\t\t<div class=\"elementor-column elementor-col-33 elementor-top-column elementor-element elementor-element-f4cdb45\" data-id=\"f4cdb45\" data-element_type=\"column\">\n\t\t\t<div class=\"elementor-column-wrap elementor-element-populated\">\n\t\t\t\t\t\t\t<div class=\"elementor-widget-wrap\">\n\t\t\t\t\t\t<div class=\"elementor-element elementor-element-b630273 elementor-widget elementor-widget-image\" data-id=\"b630273\" data-element_type=\"widget\" data-widget_type=\"image.default\">\n\t\t\t\t<div class=\"elementor-widget-container\">\n\t\t\t\t\t\t\t\t<div class=\"elementor-image\">\n\t\t\t\t\t\t\t\t\t\t\t\t<img width=\"1024\" height=\"1024\" src=\"https:\/\/bellasartes.edu.co\/festivalruquitavelasco\/wp-content\/uploads\/2024\/10\/14-1-1024x1024.png\" class=\"attachment-large size-large\" alt=\"\" loading=\"lazy\" srcset=\"https:\/\/bellasartes.edu.co\/festivalruquitavelasco\/wp-content\/uploads\/2024\/10\/14-1-1024x1024.png 1024w, https:\/\/bellasartes.edu.co\/festivalruquitavelasco\/wp-content\/uploads\/2024\/10\/14-1-300x300.png 300w, https:\/\/bellasartes.edu.co\/festivalruquitavelasco\/wp-content\/uploads\/2024\/10\/14-1-150x150.png 150w, https:\/\/bellasartes.edu.co\/festivalruquitavelasco\/wp-content\/uploads\/2024\/10\/14-1-768x768.png 768w, https:\/\/bellasartes.edu.co\/festivalruquitavelasco\/wp-content\/uploads\/2024\/10\/14-1.png 1436w\" sizes=\"(max-width: 1024px) 100vw, 1024px\" \/>\t\t\t\t\t\t\t\t\t\t\t\t\t\t<\/div>\n\t\t\t\t\t\t<\/div>\n\t\t\t\t<\/div>\n\t\t\t\t\t\t<\/div>\n\t\t\t\t\t<\/div>\n\t\t<\/div>\n\t\t\t\t\t\t\t\t<\/div>\n\t\t\t\t\t<\/div>\n\t\t<\/section>\n\t\t\t\t\t\t\t\t\t<\/div>\n\t\t\t<\/div>\n\t\t\t\t\t<\/div>\n\t\t","protected":false},"excerpt":{"rendered":"<p>\u00a0El Instituto Departamental de Bellas Artes Entidad Universitaria celebr\u00f3 con \u00e9xito la d\u00e9cima octava versi\u00f3n del Festival de Teatro de T\u00edteres Ruquita Velasco Bellas Artes, un evento que durante 36 a\u00f1os ha consolidado un espacio fundamental para el fortalecimiento del arte titiritero en el Valle del Cauca. Este Festival naci\u00f3 por iniciativa de la maestra Ana Ruth Velasco, con el prop\u00f3sito de integrar a los grupos de t\u00edteres de la regi\u00f3n. En 2003, tras su fallecimiento, el Consejo Directivo de &#8230; <\/p>\n<p class=\"read-more-container\"><a title=\"D\u00e9cimo octavo festival 2024\" class=\"read-more button\" href=\"https:\/\/bellasartes.edu.co\/festivalruquitavelasco\/decimo-octavo-festival-2024\/#more-6797\" aria-label=\"M\u00e1s en D\u00e9cimo octavo festival 2024\">Read More<\/a><\/p>\n","protected":false},"author":1,"featured_media":0,"parent":0,"menu_order":0,"comment_status":"closed","ping_status":"closed","template":"","meta":[],"_links":{"self":[{"href":"https:\/\/bellasartes.edu.co\/festivalruquitavelasco\/wp-json\/wp\/v2\/pages\/6797"}],"collection":[{"href":"https:\/\/bellasartes.edu.co\/festivalruquitavelasco\/wp-json\/wp\/v2\/pages"}],"about":[{"href":"https:\/\/bellasartes.edu.co\/festivalruquitavelasco\/wp-json\/wp\/v2\/types\/page"}],"author":[{"embeddable":true,"href":"https:\/\/bellasartes.edu.co\/festivalruquitavelasco\/wp-json\/wp\/v2\/users\/1"}],"replies":[{"embeddable":true,"href":"https:\/\/bellasartes.edu.co\/festivalruquitavelasco\/wp-json\/wp\/v2\/comments?post=6797"}],"version-history":[{"count":5,"href":"https:\/\/bellasartes.edu.co\/festivalruquitavelasco\/wp-json\/wp\/v2\/pages\/6797\/revisions"}],"predecessor-version":[{"id":6810,"href":"https:\/\/bellasartes.edu.co\/festivalruquitavelasco\/wp-json\/wp\/v2\/pages\/6797\/revisions\/6810"}],"wp:attachment":[{"href":"https:\/\/bellasartes.edu.co\/festivalruquitavelasco\/wp-json\/wp\/v2\/media?parent=6797"}],"curies":[{"name":"wp","href":"https:\/\/api.w.org\/{rel}","templated":true}]}}